{"id":1437,"date":"2023-05-19T14:43:23","date_gmt":"2023-05-19T13:43:23","guid":{"rendered":"https:\/\/afvan.com\/?page_id=1437"},"modified":"2024-01-05T16:57:24","modified_gmt":"2024-01-05T15:57:24","slug":"noticies","status":"publish","type":"page","link":"https:\/\/afvan.com\/index.php\/noticies\/","title":{"rendered":"NOTICIES"},"content":{"rendered":"\t\t<div data-elementor-type=\"wp-page\" data-elementor-id=\"1437\" class=\"elementor elementor-1437\" data-elementor-post-type=\"page\">\n\t\t\t\t<div class=\"elementor-element elementor-element-bffde2a e-flex e-con-boxed wpr-particle-no wpr-jarallax-no wpr-parallax-no wpr-sticky-section-no wpr-equal-height-no e-con e-parent\" data-id=\"bffde2a\" data-element_type=\"container\" data-e-type=\"container\">\n\t\t\t\t\t<div class=\"e-con-inner\">\n\t\t\t\t<div class=\"elementor-element elementor-element-b6479ad elementor-widget elementor-widget-spacer\" data-id=\"b6479ad\" data-element_type=\"widget\" data-e-type=\"widget\" data-widget_type=\"spacer.default\">\n\t\t\t\t<div class=\"elementor-widget-container\">\n\t\t\t\t\t\t\t<div class=\"elementor-spacer\">\n\t\t\t<div class=\"elementor-spacer-inner\"><\/div>\n\t\t<\/div>\n\t\t\t\t\t\t<\/div>\n\t\t\t\t<\/div>\n\t\t<div class=\"elementor-element elementor-element-25f5dd3 e-flex e-con-boxed wpr-particle-no wpr-jarallax-no wpr-parallax-no wpr-sticky-section-no wpr-equal-height-no e-con e-child\" data-id=\"25f5dd3\" data-element_type=\"container\" data-e-type=\"container\">\n\t\t\t\t\t<div class=\"e-con-inner\">\n\t\t\t\t<div class=\"elementor-element elementor-element-a80c5a6 htmega-title-align-center elementor-widget elementor-widget-section-title-addons\" data-id=\"a80c5a6\" data-element_type=\"widget\" data-e-type=\"widget\" data-widget_type=\"section-title-addons.default\">\n\t\t\t\t<div class=\"elementor-widget-container\">\n\t\t\t\t\t            <div class=\"htmega-a80c5a6 htmega-section-title htmega-subtitle-position-bottom title-style-two htmega-section-title-order-parent image-bottom\">\n                <h2 class=\"section-title-txt\">NOT\u00cdCIES , TALLERS, SORTIDES<\/h2><div class=htmega-title-sperator-sec><span class=\"htmega-title-sperator\">&nbsp;<\/span><\/div><p class=\"section-subtitle-txt\">Per estar informat de totes les not\u00edcies de l'Associaci\u00f3 sobre  Fotografia<\/p>            <\/div>\n\n            \n        \t\t\t\t<\/div>\n\t\t\t\t<\/div>\n\t\t\t\t\t<\/div>\n\t\t\t\t<\/div>\n\t\t\t\t\t<\/div>\n\t\t\t\t<\/div>\n\t\t<div class=\"elementor-element elementor-element-edc1e47 e-flex e-con-boxed wpr-particle-no wpr-jarallax-no wpr-parallax-no wpr-sticky-section-no wpr-equal-height-no e-con e-parent\" data-id=\"edc1e47\" data-element_type=\"container\" data-e-type=\"container\">\n\t\t\t\t\t<div class=\"e-con-inner\">\n\t\t\t\t<div class=\"elementor-element elementor-element-00ae29d elementor-grid-4 elementor-grid-tablet-2 elementor-grid-mobile-1 elementor-posts--thumbnail-top elementor-posts--show-avatar elementor-card-shadow-yes elementor-posts__hover-gradient elementor-widget elementor-widget-posts\" data-id=\"00ae29d\" data-element_type=\"widget\" data-e-type=\"widget\" data-settings=\"{&quot;pagination_type&quot;:&quot;numbers&quot;,&quot;cards_columns&quot;:&quot;4&quot;,&quot;cards_row_gap&quot;:{&quot;unit&quot;:&quot;px&quot;,&quot;size&quot;:20,&quot;sizes&quot;:[]},&quot;cards_columns_tablet&quot;:&quot;2&quot;,&quot;cards_columns_mobile&quot;:&quot;1&quot;,&quot;cards_row_gap_tablet&quot;:{&quot;unit&quot;:&quot;px&quot;,&quot;size&quot;:&quot;&quot;,&quot;sizes&quot;:[]},&quot;cards_row_gap_mobile&quot;:{&quot;unit&quot;:&quot;px&quot;,&quot;size&quot;:&quot;&quot;,&quot;sizes&quot;:[]}}\" data-widget_type=\"posts.cards\">\n\t\t\t\t<div class=\"elementor-widget-container\">\n\t\t\t\t\t\t\t<div class=\"elementor-posts-container elementor-posts elementor-posts--skin-cards elementor-grid\" role=\"list\">\n\t\t\t\t<article class=\"elementor-post elementor-grid-item post-6311 post type-post status-publish format-quote has-post-thumbnail hentry category-cultura category-fotografia post_format-post-format-quote\" role=\"listitem\">\n\t\t\t<div class=\"elementor-post__card\">\n\t\t\t\t<a class=\"elementor-post__thumbnail__link\" href=\"https:\/\/afvan.com\/index.php\/2026\/02\/03\/taller-jove-ballet\/\" tabindex=\"-1\" ><div class=\"elementor-post__thumbnail\"><img fetchpriority=\"high\" decoding=\"async\" width=\"1600\" height=\"1068\" src=\"https:\/\/afvan.com\/wp-content\/uploads\/2026\/02\/DSC7872.jpg\" class=\"attachment-full size-full wp-image-6426\" alt=\"\" srcset=\"https:\/\/afvan.com\/wp-content\/uploads\/2026\/02\/DSC7872.jpg 1600w, https:\/\/afvan.com\/wp-content\/uploads\/2026\/02\/DSC7872-300x200.jpg 300w, https:\/\/afvan.com\/wp-content\/uploads\/2026\/02\/DSC7872-1024x684.jpg 1024w, https:\/\/afvan.com\/wp-content\/uploads\/2026\/02\/DSC7872-768x513.jpg 768w, https:\/\/afvan.com\/wp-content\/uploads\/2026\/02\/DSC7872-1536x1025.jpg 1536w\" sizes=\"(max-width: 1600px) 100vw, 1600px\" \/><\/div><\/a>\n\t\t\t\t<div class=\"elementor-post__avatar\">\n\t\t\t<img alt='afvan.and@gmail.com' src='https:\/\/afvan.com\/wp-content\/litespeed\/avatar\/6e7a2c8171d17113650bc06f3c89e39d.jpg?ver=1777377760' srcset='https:\/\/afvan.com\/wp-content\/litespeed\/avatar\/e2d3957286f18efc40d8123f3e498d86.jpg?ver=1777375058 2x' class='avatar avatar-128 photo' height='128' width='128' \/>\t\t<\/div>\n\t\t\t\t<div class=\"elementor-post__text\">\n\t\t\t\t<h3 class=\"elementor-post__title\">\n\t\t\t<a href=\"https:\/\/afvan.com\/index.php\/2026\/02\/03\/taller-jove-ballet\/\" >\n\t\t\t\tTaller Jove Ballet\t\t\t<\/a>\n\t\t<\/h3>\n\t\t\t\t\t<div class=\"elementor-post__read-more-wrapper\">\n\t\t\n\t\t<a class=\"elementor-post__read-more\" href=\"https:\/\/afvan.com\/index.php\/2026\/02\/03\/taller-jove-ballet\/\" aria-label=\"Read more about Taller Jove Ballet\" tabindex=\"-1\" >\n\t\t\tLlegir m\u00e9s \u00bb\t\t<\/a>\n\n\t\t\t\t\t<\/div>\n\t\t\t\t<\/div>\n\t\t\t\t<div class=\"elementor-post__meta-data\">\n\t\t\t\t\t<span class=\"elementor-post-date\">\n\t\t\t03\/02\/2026\t\t<\/span>\n\t\t\t\t<span class=\"elementor-post-avatar\">\n\t\t\tNo hi ha comentaris\t\t<\/span>\n\t\t\t\t<\/div>\n\t\t\t\t\t<\/div>\n\t\t<\/article>\n\t\t\t\t<article class=\"elementor-post elementor-grid-item post-5868 post type-post status-publish format-quote has-post-thumbnail hentry category-cultura category-fotografia post_format-post-format-quote\" role=\"listitem\">\n\t\t\t<div class=\"elementor-post__card\">\n\t\t\t\t<a class=\"elementor-post__thumbnail__link\" href=\"https:\/\/afvan.com\/index.php\/2025\/06\/16\/trobada-esportiva-residencies\/\" tabindex=\"-1\" ><div class=\"elementor-post__thumbnail\"><img decoding=\"async\" width=\"1500\" height=\"885\" src=\"https:\/\/afvan.com\/wp-content\/uploads\/2025\/06\/trobadalow_047.jpg\" class=\"attachment-full size-full wp-image-5875\" alt=\"trobada\" srcset=\"https:\/\/afvan.com\/wp-content\/uploads\/2025\/06\/trobadalow_047.jpg 1500w, https:\/\/afvan.com\/wp-content\/uploads\/2025\/06\/trobadalow_047-300x177.jpg 300w, https:\/\/afvan.com\/wp-content\/uploads\/2025\/06\/trobadalow_047-1024x604.jpg 1024w, https:\/\/afvan.com\/wp-content\/uploads\/2025\/06\/trobadalow_047-768x453.jpg 768w\" sizes=\"(max-width: 1500px) 100vw, 1500px\" \/><\/div><\/a>\n\t\t\t\t<div class=\"elementor-post__avatar\">\n\t\t\t<img alt='afvan.and@gmail.com' src='https:\/\/afvan.com\/wp-content\/litespeed\/avatar\/6e7a2c8171d17113650bc06f3c89e39d.jpg?ver=1777377760' srcset='https:\/\/afvan.com\/wp-content\/litespeed\/avatar\/e2d3957286f18efc40d8123f3e498d86.jpg?ver=1777375058 2x' class='avatar avatar-128 photo' height='128' width='128' \/>\t\t<\/div>\n\t\t\t\t<div class=\"elementor-post__text\">\n\t\t\t\t<h3 class=\"elementor-post__title\">\n\t\t\t<a href=\"https:\/\/afvan.com\/index.php\/2025\/06\/16\/trobada-esportiva-residencies\/\" >\n\t\t\t\tTrobada Esportiva Resid\u00e8ncies\t\t\t<\/a>\n\t\t<\/h3>\n\t\t\t\t\t<div class=\"elementor-post__read-more-wrapper\">\n\t\t\n\t\t<a class=\"elementor-post__read-more\" href=\"https:\/\/afvan.com\/index.php\/2025\/06\/16\/trobada-esportiva-residencies\/\" aria-label=\"Read more about Trobada Esportiva Resid\u00e8ncies\" tabindex=\"-1\" >\n\t\t\tLlegir m\u00e9s \u00bb\t\t<\/a>\n\n\t\t\t\t\t<\/div>\n\t\t\t\t<\/div>\n\t\t\t\t<div class=\"elementor-post__meta-data\">\n\t\t\t\t\t<span class=\"elementor-post-date\">\n\t\t\t16\/06\/2025\t\t<\/span>\n\t\t\t\t<span class=\"elementor-post-avatar\">\n\t\t\tNo hi ha comentaris\t\t<\/span>\n\t\t\t\t<\/div>\n\t\t\t\t\t<\/div>\n\t\t<\/article>\n\t\t\t\t<article class=\"elementor-post elementor-grid-item post-5519 post type-post status-publish format-quote has-post-thumbnail hentry category-cultura category-fotografia post_format-post-format-quote\" role=\"listitem\">\n\t\t\t<div class=\"elementor-post__card\">\n\t\t\t\t<a class=\"elementor-post__thumbnail__link\" href=\"https:\/\/afvan.com\/index.php\/2025\/03\/27\/de-formes-deformes\/\" tabindex=\"-1\" ><div class=\"elementor-post__thumbnail\"><img decoding=\"async\" width=\"1280\" height=\"904\" src=\"https:\/\/afvan.com\/wp-content\/uploads\/2025\/03\/WhatsApp-Image-2025-03-27-at-09.33.51.jpeg\" class=\"attachment-full size-full wp-image-5521\" alt=\"\" srcset=\"https:\/\/afvan.com\/wp-content\/uploads\/2025\/03\/WhatsApp-Image-2025-03-27-at-09.33.51.jpeg 1280w, https:\/\/afvan.com\/wp-content\/uploads\/2025\/03\/WhatsApp-Image-2025-03-27-at-09.33.51-300x212.jpeg 300w, https:\/\/afvan.com\/wp-content\/uploads\/2025\/03\/WhatsApp-Image-2025-03-27-at-09.33.51-1024x723.jpeg 1024w, https:\/\/afvan.com\/wp-content\/uploads\/2025\/03\/WhatsApp-Image-2025-03-27-at-09.33.51-768x542.jpeg 768w\" sizes=\"(max-width: 1280px) 100vw, 1280px\" \/><\/div><\/a>\n\t\t\t\t<div class=\"elementor-post__avatar\">\n\t\t\t<img alt='afvan.and@gmail.com' src='https:\/\/afvan.com\/wp-content\/litespeed\/avatar\/6e7a2c8171d17113650bc06f3c89e39d.jpg?ver=1777377760' srcset='https:\/\/afvan.com\/wp-content\/litespeed\/avatar\/e2d3957286f18efc40d8123f3e498d86.jpg?ver=1777375058 2x' class='avatar avatar-128 photo' height='128' width='128' \/>\t\t<\/div>\n\t\t\t\t<div class=\"elementor-post__text\">\n\t\t\t\t<h3 class=\"elementor-post__title\">\n\t\t\t<a href=\"https:\/\/afvan.com\/index.php\/2025\/03\/27\/de-formes-deformes\/\" >\n\t\t\t\tDe Formes Deformes\t\t\t<\/a>\n\t\t<\/h3>\n\t\t\t\t\t<div class=\"elementor-post__read-more-wrapper\">\n\t\t\n\t\t<a class=\"elementor-post__read-more\" href=\"https:\/\/afvan.com\/index.php\/2025\/03\/27\/de-formes-deformes\/\" aria-label=\"Read more about De Formes Deformes\" tabindex=\"-1\" >\n\t\t\tLlegir m\u00e9s \u00bb\t\t<\/a>\n\n\t\t\t\t\t<\/div>\n\t\t\t\t<\/div>\n\t\t\t\t<div class=\"elementor-post__meta-data\">\n\t\t\t\t\t<span class=\"elementor-post-date\">\n\t\t\t27\/03\/2025\t\t<\/span>\n\t\t\t\t<span class=\"elementor-post-avatar\">\n\t\t\tNo hi ha comentaris\t\t<\/span>\n\t\t\t\t<\/div>\n\t\t\t\t\t<\/div>\n\t\t<\/article>\n\t\t\t\t<article class=\"elementor-post elementor-grid-item post-5038 post type-post status-publish format-quote has-post-thumbnail hentry category-cultura category-fotografia post_format-post-format-quote\" role=\"listitem\">\n\t\t\t<div class=\"elementor-post__card\">\n\t\t\t\t<a class=\"elementor-post__thumbnail__link\" href=\"https:\/\/afvan.com\/index.php\/2024\/10\/08\/les-fades-de-cottingley\/\" tabindex=\"-1\" ><div class=\"elementor-post__thumbnail\"><img loading=\"lazy\" decoding=\"async\" width=\"2500\" height=\"1667\" src=\"https:\/\/afvan.com\/wp-content\/uploads\/2024\/10\/seleccion-web_023.jpg\" class=\"attachment-full size-full wp-image-5044\" alt=\"JBA\" srcset=\"https:\/\/afvan.com\/wp-content\/uploads\/2024\/10\/seleccion-web_023.jpg 2500w, https:\/\/afvan.com\/wp-content\/uploads\/2024\/10\/seleccion-web_023-300x200.jpg 300w, https:\/\/afvan.com\/wp-content\/uploads\/2024\/10\/seleccion-web_023-1024x683.jpg 1024w, https:\/\/afvan.com\/wp-content\/uploads\/2024\/10\/seleccion-web_023-768x512.jpg 768w, https:\/\/afvan.com\/wp-content\/uploads\/2024\/10\/seleccion-web_023-1536x1024.jpg 1536w, https:\/\/afvan.com\/wp-content\/uploads\/2024\/10\/seleccion-web_023-2048x1366.jpg 2048w\" sizes=\"(max-width: 2500px) 100vw, 2500px\" \/><\/div><\/a>\n\t\t\t\t<div class=\"elementor-post__avatar\">\n\t\t\t<img alt='afvan.and@gmail.com' src='https:\/\/afvan.com\/wp-content\/litespeed\/avatar\/6e7a2c8171d17113650bc06f3c89e39d.jpg?ver=1777377760' srcset='https:\/\/afvan.com\/wp-content\/litespeed\/avatar\/e2d3957286f18efc40d8123f3e498d86.jpg?ver=1777375058 2x' class='avatar avatar-128 photo' height='128' width='128' \/>\t\t<\/div>\n\t\t\t\t<div class=\"elementor-post__text\">\n\t\t\t\t<h3 class=\"elementor-post__title\">\n\t\t\t<a href=\"https:\/\/afvan.com\/index.php\/2024\/10\/08\/les-fades-de-cottingley\/\" >\n\t\t\t\tLes Fades de Cottingley\t\t\t<\/a>\n\t\t<\/h3>\n\t\t\t\t\t<div class=\"elementor-post__read-more-wrapper\">\n\t\t\n\t\t<a class=\"elementor-post__read-more\" href=\"https:\/\/afvan.com\/index.php\/2024\/10\/08\/les-fades-de-cottingley\/\" aria-label=\"Read more about Les Fades de Cottingley\" tabindex=\"-1\" >\n\t\t\tLlegir m\u00e9s \u00bb\t\t<\/a>\n\n\t\t\t\t\t<\/div>\n\t\t\t\t<\/div>\n\t\t\t\t<div class=\"elementor-post__meta-data\">\n\t\t\t\t\t<span class=\"elementor-post-date\">\n\t\t\t08\/10\/2024\t\t<\/span>\n\t\t\t\t<span class=\"elementor-post-avatar\">\n\t\t\tNo hi ha comentaris\t\t<\/span>\n\t\t\t\t<\/div>\n\t\t\t\t\t<\/div>\n\t\t<\/article>\n\t\t\t\t<article class=\"elementor-post elementor-grid-item post-4786 post type-post status-publish format-quote has-post-thumbnail hentry category-cultura category-fotografia post_format-post-format-quote\" role=\"listitem\">\n\t\t\t<div class=\"elementor-post__card\">\n\t\t\t\t<a class=\"elementor-post__thumbnail__link\" href=\"https:\/\/afvan.com\/index.php\/2024\/09\/26\/una-mirada-sostenible-2024\/\" tabindex=\"-1\" ><div class=\"elementor-post__thumbnail\"><img loading=\"lazy\" decoding=\"async\" width=\"1169\" height=\"1653\" src=\"https:\/\/afvan.com\/wp-content\/uploads\/2024\/06\/FEDA_Campanya-Concurs-Foto-24_A3_v2.jpg\" class=\"attachment-full size-full wp-image-5034\" alt=\"\" srcset=\"https:\/\/afvan.com\/wp-content\/uploads\/2024\/06\/FEDA_Campanya-Concurs-Foto-24_A3_v2.jpg 1169w, https:\/\/afvan.com\/wp-content\/uploads\/2024\/06\/FEDA_Campanya-Concurs-Foto-24_A3_v2-212x300.jpg 212w, https:\/\/afvan.com\/wp-content\/uploads\/2024\/06\/FEDA_Campanya-Concurs-Foto-24_A3_v2-724x1024.jpg 724w, https:\/\/afvan.com\/wp-content\/uploads\/2024\/06\/FEDA_Campanya-Concurs-Foto-24_A3_v2-768x1086.jpg 768w, https:\/\/afvan.com\/wp-content\/uploads\/2024\/06\/FEDA_Campanya-Concurs-Foto-24_A3_v2-1086x1536.jpg 1086w\" sizes=\"(max-width: 1169px) 100vw, 1169px\" \/><\/div><\/a>\n\t\t\t\t<div class=\"elementor-post__avatar\">\n\t\t\t<img alt='afvan.and@gmail.com' src='https:\/\/afvan.com\/wp-content\/litespeed\/avatar\/6e7a2c8171d17113650bc06f3c89e39d.jpg?ver=1777377760' srcset='https:\/\/afvan.com\/wp-content\/litespeed\/avatar\/e2d3957286f18efc40d8123f3e498d86.jpg?ver=1777375058 2x' class='avatar avatar-128 photo' height='128' width='128' \/>\t\t<\/div>\n\t\t\t\t<div class=\"elementor-post__text\">\n\t\t\t\t<h3 class=\"elementor-post__title\">\n\t\t\t<a href=\"https:\/\/afvan.com\/index.php\/2024\/09\/26\/una-mirada-sostenible-2024\/\" >\n\t\t\t\tUna mirada sostenible 2024\t\t\t<\/a>\n\t\t<\/h3>\n\t\t\t\t\t<div class=\"elementor-post__read-more-wrapper\">\n\t\t\n\t\t<a class=\"elementor-post__read-more\" href=\"https:\/\/afvan.com\/index.php\/2024\/09\/26\/una-mirada-sostenible-2024\/\" aria-label=\"Read more about Una mirada sostenible 2024\" tabindex=\"-1\" >\n\t\t\tLlegir m\u00e9s \u00bb\t\t<\/a>\n\n\t\t\t\t\t<\/div>\n\t\t\t\t<\/div>\n\t\t\t\t<div class=\"elementor-post__meta-data\">\n\t\t\t\t\t<span class=\"elementor-post-date\">\n\t\t\t26\/09\/2024\t\t<\/span>\n\t\t\t\t<span class=\"elementor-post-avatar\">\n\t\t\tNo hi ha comentaris\t\t<\/span>\n\t\t\t\t<\/div>\n\t\t\t\t\t<\/div>\n\t\t<\/article>\n\t\t\t\t<article class=\"elementor-post elementor-grid-item post-5030 post type-post status-publish format-quote has-post-thumbnail hentry category-astrofotografia post_format-post-format-quote\" role=\"listitem\">\n\t\t\t<div class=\"elementor-post__card\">\n\t\t\t\t<a class=\"elementor-post__thumbnail__link\" href=\"https:\/\/afvan.com\/index.php\/2024\/06\/12\/ii-festival-d-astronomia-2\/\" tabindex=\"-1\" ><div class=\"elementor-post__thumbnail\"><img loading=\"lazy\" decoding=\"async\" width=\"750\" height=\"758\" src=\"https:\/\/afvan.com\/wp-content\/uploads\/2024\/05\/Imagen-de-WhatsApp-2024-06-12-a-las-12.56.36_fbf6eaa0.jpg\" class=\"attachment-full size-full wp-image-4778\" alt=\"festival2\" srcset=\"https:\/\/afvan.com\/wp-content\/uploads\/2024\/05\/Imagen-de-WhatsApp-2024-06-12-a-las-12.56.36_fbf6eaa0.jpg 750w, https:\/\/afvan.com\/wp-content\/uploads\/2024\/05\/Imagen-de-WhatsApp-2024-06-12-a-las-12.56.36_fbf6eaa0-297x300.jpg 297w\" sizes=\"(max-width: 750px) 100vw, 750px\" \/><\/div><\/a>\n\t\t\t\t<div class=\"elementor-post__avatar\">\n\t\t\t<img alt='afvan.and@gmail.com' src='https:\/\/afvan.com\/wp-content\/litespeed\/avatar\/6e7a2c8171d17113650bc06f3c89e39d.jpg?ver=1777377760' srcset='https:\/\/afvan.com\/wp-content\/litespeed\/avatar\/e2d3957286f18efc40d8123f3e498d86.jpg?ver=1777375058 2x' class='avatar avatar-128 photo' height='128' width='128' \/>\t\t<\/div>\n\t\t\t\t<div class=\"elementor-post__text\">\n\t\t\t\t<h3 class=\"elementor-post__title\">\n\t\t\t<a href=\"https:\/\/afvan.com\/index.php\/2024\/06\/12\/ii-festival-d-astronomia-2\/\" >\n\t\t\t\tfestival d&#8217;astronomia 2\t\t\t<\/a>\n\t\t<\/h3>\n\t\t\t\t\t<div class=\"elementor-post__read-more-wrapper\">\n\t\t\n\t\t<a class=\"elementor-post__read-more\" href=\"https:\/\/afvan.com\/index.php\/2024\/06\/12\/ii-festival-d-astronomia-2\/\" aria-label=\"Read more about festival d&#8217;astronomia 2\" tabindex=\"-1\" >\n\t\t\tLlegir m\u00e9s \u00bb\t\t<\/a>\n\n\t\t\t\t\t<\/div>\n\t\t\t\t<\/div>\n\t\t\t\t<div class=\"elementor-post__meta-data\">\n\t\t\t\t\t<span class=\"elementor-post-date\">\n\t\t\t12\/06\/2024\t\t<\/span>\n\t\t\t\t<span class=\"elementor-post-avatar\">\n\t\t\tNo hi ha comentaris\t\t<\/span>\n\t\t\t\t<\/div>\n\t\t\t\t\t<\/div>\n\t\t<\/article>\n\t\t\t\t<article class=\"elementor-post elementor-grid-item post-4272 post type-post status-publish format-quote has-post-thumbnail hentry category-astrofotografia category-fotografia post_format-post-format-quote\" role=\"listitem\">\n\t\t\t<div class=\"elementor-post__card\">\n\t\t\t\t<a class=\"elementor-post__thumbnail__link\" href=\"https:\/\/afvan.com\/index.php\/2024\/03\/21\/cometa-12p-pons-brooks\/\" tabindex=\"-1\" ><div class=\"elementor-post__thumbnail\"><img loading=\"lazy\" decoding=\"async\" width=\"1920\" height=\"1080\" src=\"https:\/\/afvan.com\/wp-content\/uploads\/2024\/03\/1920x1080.jpg\" class=\"attachment-full size-full wp-image-4274\" alt=\"12p\/pons-brooks\" srcset=\"https:\/\/afvan.com\/wp-content\/uploads\/2024\/03\/1920x1080.jpg 1920w, https:\/\/afvan.com\/wp-content\/uploads\/2024\/03\/1920x1080-300x169.jpg 300w, https:\/\/afvan.com\/wp-content\/uploads\/2024\/03\/1920x1080-1024x576.jpg 1024w, https:\/\/afvan.com\/wp-content\/uploads\/2024\/03\/1920x1080-768x432.jpg 768w, https:\/\/afvan.com\/wp-content\/uploads\/2024\/03\/1920x1080-1536x864.jpg 1536w\" sizes=\"(max-width: 1920px) 100vw, 1920px\" \/><\/div><\/a>\n\t\t\t\t<div class=\"elementor-post__avatar\">\n\t\t\t<img alt='afvan.and@gmail.com' src='https:\/\/afvan.com\/wp-content\/litespeed\/avatar\/6e7a2c8171d17113650bc06f3c89e39d.jpg?ver=1777377760' srcset='https:\/\/afvan.com\/wp-content\/litespeed\/avatar\/e2d3957286f18efc40d8123f3e498d86.jpg?ver=1777375058 2x' class='avatar avatar-128 photo' height='128' width='128' \/>\t\t<\/div>\n\t\t\t\t<div class=\"elementor-post__text\">\n\t\t\t\t<h3 class=\"elementor-post__title\">\n\t\t\t<a href=\"https:\/\/afvan.com\/index.php\/2024\/03\/21\/cometa-12p-pons-brooks\/\" >\n\t\t\t\tCometa 12P\/pons-Brooks\t\t\t<\/a>\n\t\t<\/h3>\n\t\t\t\t\t<div class=\"elementor-post__read-more-wrapper\">\n\t\t\n\t\t<a class=\"elementor-post__read-more\" href=\"https:\/\/afvan.com\/index.php\/2024\/03\/21\/cometa-12p-pons-brooks\/\" aria-label=\"Read more about Cometa 12P\/pons-Brooks\" tabindex=\"-1\" >\n\t\t\tLlegir m\u00e9s \u00bb\t\t<\/a>\n\n\t\t\t\t\t<\/div>\n\t\t\t\t<\/div>\n\t\t\t\t<div class=\"elementor-post__meta-data\">\n\t\t\t\t\t<span class=\"elementor-post-date\">\n\t\t\t21\/03\/2024\t\t<\/span>\n\t\t\t\t<span class=\"elementor-post-avatar\">\n\t\t\tNo hi ha comentaris\t\t<\/span>\n\t\t\t\t<\/div>\n\t\t\t\t\t<\/div>\n\t\t<\/article>\n\t\t\t\t<article class=\"elementor-post elementor-grid-item post-3983 post type-post status-publish format-quote has-post-thumbnail hentry category-fotografia post_format-post-format-quote\" role=\"listitem\">\n\t\t\t<div class=\"elementor-post__card\">\n\t\t\t\t<a class=\"elementor-post__thumbnail__link\" href=\"https:\/\/afvan.com\/index.php\/2024\/02\/15\/mor-el-fotograf-jordi-pujol\/\" tabindex=\"-1\" ><div class=\"elementor-post__thumbnail\"><img loading=\"lazy\" decoding=\"async\" width=\"1000\" height=\"430\" src=\"https:\/\/afvan.com\/wp-content\/uploads\/2024\/02\/jordi-pujol_10_1000x430.jpeg\" class=\"attachment-full size-full wp-image-3985\" alt=\"\" srcset=\"https:\/\/afvan.com\/wp-content\/uploads\/2024\/02\/jordi-pujol_10_1000x430.jpeg 1000w, https:\/\/afvan.com\/wp-content\/uploads\/2024\/02\/jordi-pujol_10_1000x430-300x129.jpeg 300w, https:\/\/afvan.com\/wp-content\/uploads\/2024\/02\/jordi-pujol_10_1000x430-768x330.jpeg 768w\" sizes=\"(max-width: 1000px) 100vw, 1000px\" \/><\/div><\/a>\n\t\t\t\t<div class=\"elementor-post__avatar\">\n\t\t\t<img alt='afvan.and@gmail.com' src='https:\/\/afvan.com\/wp-content\/litespeed\/avatar\/6e7a2c8171d17113650bc06f3c89e39d.jpg?ver=1777377760' srcset='https:\/\/afvan.com\/wp-content\/litespeed\/avatar\/e2d3957286f18efc40d8123f3e498d86.jpg?ver=1777375058 2x' class='avatar avatar-128 photo' height='128' width='128' \/>\t\t<\/div>\n\t\t\t\t<div class=\"elementor-post__text\">\n\t\t\t\t<h3 class=\"elementor-post__title\">\n\t\t\t<a href=\"https:\/\/afvan.com\/index.php\/2024\/02\/15\/mor-el-fotograf-jordi-pujol\/\" >\n\t\t\t\tMor el fot\u00f2graf Jordi Pujol\t\t\t<\/a>\n\t\t<\/h3>\n\t\t\t\t\t<div class=\"elementor-post__read-more-wrapper\">\n\t\t\n\t\t<a class=\"elementor-post__read-more\" href=\"https:\/\/afvan.com\/index.php\/2024\/02\/15\/mor-el-fotograf-jordi-pujol\/\" aria-label=\"Read more about Mor el fot\u00f2graf Jordi Pujol\" tabindex=\"-1\" >\n\t\t\tLlegir m\u00e9s \u00bb\t\t<\/a>\n\n\t\t\t\t\t<\/div>\n\t\t\t\t<\/div>\n\t\t\t\t<div class=\"elementor-post__meta-data\">\n\t\t\t\t\t<span class=\"elementor-post-date\">\n\t\t\t15\/02\/2024\t\t<\/span>\n\t\t\t\t<span class=\"elementor-post-avatar\">\n\t\t\tNo hi ha comentaris\t\t<\/span>\n\t\t\t\t<\/div>\n\t\t\t\t\t<\/div>\n\t\t<\/article>\n\t\t\t\t<\/div>\n\t\t\n\t\t\t\t<div class=\"e-load-more-anchor\" data-page=\"1\" data-max-page=\"3\" data-next-page=\"https:\/\/afvan.com\/index.php\/wp-json\/wp\/v2\/pages\/1437\/page\/2\/\"><\/div>\n\t\t\t\t<nav class=\"elementor-pagination\" aria-label=\"Pagination\">\n\t\t\t<span aria-current=\"page\" class=\"page-numbers current\"><span class=\"elementor-screen-only\">Page<\/span>1<\/span>\n<a class=\"page-numbers\" href=\"https:\/\/afvan.com\/index.php\/wp-json\/wp\/v2\/pages\/1437\/page\/2\/\"><span class=\"elementor-screen-only\">Page<\/span>2<\/a>\n<a class=\"page-numbers\" href=\"https:\/\/afvan.com\/index.php\/wp-json\/wp\/v2\/pages\/1437\/page\/3\/\"><span class=\"elementor-screen-only\">Page<\/span>3<\/a>\t\t<\/nav>\n\t\t\t\t\t\t<\/div>\n\t\t\t\t<\/div>\n\t\t\t\t\t<\/div>\n\t\t\t\t<\/div>\n\t\t\t\t<\/div>\n\t\t","protected":false},"excerpt":{"rendered":"<p>NOT\u00cdCIES , TALLERS, SORTIDES &nbsp; Per estar informat de totes les not\u00edcies de l&#8217;Associaci\u00f3 sobre Fotografia<\/p>\n","protected":false},"author":1,"featured_media":0,"parent":0,"menu_order":0,"comment_status":"closed","ping_status":"closed","template":"","meta":{"site-sidebar-layout":"no-sidebar","site-content-layout":"page-builder","ast-site-content-layout":"full-width-container","site-content-style":"unboxed","site-sidebar-style":"unboxed","ast-global-header-display":"","ast-banner-title-visibility":"","ast-main-header-display":"","ast-hfb-above-header-display":"","ast-hfb-below-header-display":"","ast-hfb-mobile-header-display":"","site-post-title":"disabled","ast-breadcrumbs-content":"","ast-featured-img":"","footer-sml-layout":"","ast-disable-related-posts":"","theme-transparent-header-meta":"","adv-header-id-meta":"","stick-header-meta":"","header-above-stick-meta":"","header-main-stick-meta":"","header-below-stick-meta":"","astra-migrate-meta-layouts":"set","ast-page-background-enabled":"default","ast-page-background-meta":{"desktop":{"background-color":"var(--ast-global-color-4)","background-image":"","background-repeat":"repeat","background-position":"center center","background-size":"auto","background-attachment":"scroll","background-type":"","background-media":"","overlay-type":"","overlay-color":"","overlay-opacity":"","overlay-gradient":""},"tablet":{"background-color":"","background-image":"","background-repeat":"repeat","background-position":"center center","background-size":"auto","background-attachment":"scroll","background-type":"","background-media":"","overlay-type":"","overlay-color":"","overlay-opacity":"","overlay-gradient":""},"mobile":{"background-color":"","background-image":"","background-repeat":"repeat","background-position":"center center","background-size":"auto","background-attachment":"scroll","background-type":"","background-media":"","overlay-type":"","overlay-color":"","overlay-opacity":"","overlay-gradient":""}},"ast-content-background-meta":{"desktop":{"background-color":"var(--ast-global-color-5)","background-image":"","background-repeat":"repeat","background-position":"center center","background-size":"auto","background-attachment":"scroll","background-type":"","background-media":"","overlay-type":"","overlay-color":"","overlay-opacity":"","overlay-gradient":""},"tablet":{"background-color":"var(--ast-global-color-5)","background-image":"","background-repeat":"repeat","background-position":"center center","background-size":"auto","background-attachment":"scroll","background-type":"","background-media":"","overlay-type":"","overlay-color":"","overlay-opacity":"","overlay-gradient":""},"mobile":{"background-color":"var(--ast-global-color-5)","background-image":"","background-repeat":"repeat","background-position":"center center","background-size":"auto","background-attachment":"scroll","background-type":"","background-media":"","overlay-type":"","overlay-color":"","overlay-opacity":"","overlay-gradient":""}},"footnotes":""},"class_list":["post-1437","page","type-page","status-publish","hentry"],"aioseo_notices":[],"a3_pvc":{"activated":true,"total_views":146,"today_views":0},"_links":{"self":[{"href":"https:\/\/afvan.com\/index.php\/wp-json\/wp\/v2\/pages\/1437","targetHints":{"allow":["GET"]}}],"collection":[{"href":"https:\/\/afvan.com\/index.php\/wp-json\/wp\/v2\/pages"}],"about":[{"href":"https:\/\/afvan.com\/index.php\/wp-json\/wp\/v2\/types\/page"}],"author":[{"embeddable":true,"href":"https:\/\/afvan.com\/index.php\/wp-json\/wp\/v2\/users\/1"}],"replies":[{"embeddable":true,"href":"https:\/\/afvan.com\/index.php\/wp-json\/wp\/v2\/comments?post=1437"}],"version-history":[{"count":71,"href":"https:\/\/afvan.com\/index.php\/wp-json\/wp\/v2\/pages\/1437\/revisions"}],"predecessor-version":[{"id":3614,"href":"https:\/\/afvan.com\/index.php\/wp-json\/wp\/v2\/pages\/1437\/revisions\/3614"}],"wp:attachment":[{"href":"https:\/\/afvan.com\/index.php\/wp-json\/wp\/v2\/media?parent=1437"}],"curies":[{"name":"wp","href":"https:\/\/api.w.org\/{rel}","templated":true}]}}