{"id":3858,"date":"2024-02-06T19:49:07","date_gmt":"2024-02-06T18:49:07","guid":{"rendered":"https:\/\/afvan.com\/?page_id=3858"},"modified":"2024-04-02T18:43:18","modified_gmt":"2024-04-02T17:43:18","slug":"kuwait-1991","status":"publish","type":"page","link":"https:\/\/afvan.com\/index.php\/kuwait-1991\/","title":{"rendered":"Kuwait, 1991"},"content":{"rendered":"\t\t<div data-elementor-type=\"wp-page\" data-elementor-id=\"3858\" class=\"elementor elementor-3858\" data-elementor-post-type=\"page\">\n\t\t\t\t<div class=\"elementor-element elementor-element-0c87bc9 e-flex e-con-boxed wpr-particle-no wpr-jarallax-no wpr-parallax-no wpr-sticky-section-no wpr-equal-height-no e-con e-parent\" data-id=\"0c87bc9\" data-element_type=\"container\" data-e-type=\"container\">\n\t\t\t\t\t<div class=\"e-con-inner\">\n\t\t\t\t<div class=\"elementor-element elementor-element-9c087ca elementor-widget elementor-widget-heading\" data-id=\"9c087ca\" data-element_type=\"widget\" data-e-type=\"widget\" data-widget_type=\"heading.default\">\n\t\t\t\t<div class=\"elementor-widget-container\">\n\t\t\t\t\t<h2 class=\"elementor-heading-title elementor-size-default\">Kuwait, 1991 <\/h2>\t\t\t\t<\/div>\n\t\t\t\t<\/div>\n\t\t\t\t\t<\/div>\n\t\t\t\t<\/div>\n\t\t<div class=\"elementor-element elementor-element-743d9da e-flex e-con-boxed wpr-particle-no wpr-jarallax-no wpr-parallax-no wpr-sticky-section-no wpr-equal-height-no e-con e-parent\" data-id=\"743d9da\" data-element_type=\"container\" data-e-type=\"container\">\n\t\t\t\t\t<div class=\"e-con-inner\">\n\t\t\t\t<div class=\"elementor-element elementor-element-ee92f90 elementor-widget elementor-widget-text-editor\" data-id=\"ee92f90\" data-element_type=\"widget\" data-e-type=\"widget\" data-widget_type=\"text-editor.default\">\n\t\t\t\t<div class=\"elementor-widget-container\">\n\t\t\t\t\t\t\t\t\t<p><b><span data-contrast=\"auto\">T\u00e8cnica:<\/span><\/b><span data-ccp-props=\"{&quot;335551550&quot;:6,&quot;335551620&quot;:6}\">\u00a0<\/span><\/p><p><span data-contrast=\"auto\">Aquesta fotografia t\u00e9 una exposici\u00f3 extrema, jugant fins i tot amb perdre la fotografia. No obstant aix\u00f2, Salgado maneja els temps perfectament per a captar el moment prec\u00eds i arrisca darrere de l&#8217;objectiu, aconseguint uns contrastos espectaculars. La figura i el fons treuen un partit espectacular al real\u00e7 de la instant\u00e0nia, jugant molt b\u00e9 amb l&#8217;escala de grises. De la imatge podrien desprendre&#8217;s dues fotografies, tallant-la justament per la meitat. Hi ha un equilibri de pesos notable i molt ben estudiat: en un costat el treballador i en l&#8217;altre l&#8217;explosi\u00f3 en el seu moment m\u00e9s \u00e0lgid.<\/span><span data-ccp-props=\"{&quot;335551550&quot;:6,&quot;335551620&quot;:6}\">\u00a0<\/span><\/p><p><span data-ccp-props=\"{&quot;335551550&quot;:6,&quot;335551620&quot;:6}\">\u00a0<\/span><\/p><p><b><span data-contrast=\"auto\">Lectura de la situaci\u00f3:<\/span><\/b><span data-ccp-props=\"{&quot;335551550&quot;:6,&quot;335551620&quot;:6}\">\u00a0<\/span><\/p><p><span data-contrast=\"auto\">El treballador com a persona. Abatiment. Aigua i foc. Cat\u00e0strofe humana econ\u00f2mica i ambiental incalculable.<\/span><span data-ccp-props=\"{&quot;335551550&quot;:6,&quot;335551620&quot;:6}\">\u00a0<\/span><\/p><p>\u00a0<\/p><p><span class=\"TextRun SCXW43288183 BCX4\" lang=\"ES-ES\" xml:lang=\"ES-ES\" data-contrast=\"auto\"><strong><span class=\"NormalTextRun SCXW43288183 BCX4\">Font<\/span><\/strong><span class=\"NormalTextRun SCXW43288183 BCX4\"><strong>:<\/strong> <\/span><\/span><\/p><p><span class=\"TextRun SCXW43288183 BCX4\" lang=\"ES-ES\" xml:lang=\"ES-ES\" data-contrast=\"auto\"><span class=\"NormalTextRun SCXW43288183 BCX4\">UAB- La Vanguardia \u2013 Blog del <\/span><span class=\"NormalTextRun SCXW43288183 BCX4\">Fot\u00f3grafo<\/span><span class=\"NormalTextRun SCXW43288183 BCX4\"> \u2013 Universidad Andina Sim\u00f3n <\/span><span class=\"NormalTextRun SCXW43288183 BCX4\">Bol\u00edvar<\/span><span class=\"NormalTextRun SCXW43288183 BCX4\"> i Universidad de La<\/span><span class=\"NormalTextRun SCXW43288183 BCX4\"> Laguna.<\/span><\/span><span class=\"EOP SCXW43288183 BCX4\" data-ccp-props=\"{&quot;335551550&quot;:6,&quot;335551620&quot;:6}\">\u00a0<\/span><\/p><p>La Massana, Mar\u00e7 de 2024<\/p><p>Llu\u00eds Miquel P\u00e9rez \u2013 Associaci\u00f3 Fotogr\u00e0fica Valls del Nord.<\/p>\t\t\t\t\t\t\t\t<\/div>\n\t\t\t\t<\/div>\n\t\t\t\t\t<\/div>\n\t\t\t\t<\/div>\n\t\t\t\t<\/div>\n\t\t","protected":false},"excerpt":{"rendered":"<p>Kuwait, 1991 T\u00e8cnica:\u00a0 Aquesta fotografia t\u00e9 una exposici\u00f3 extrema, jugant fins i tot amb perdre la fotografia. No obstant aix\u00f2, Salgado maneja els temps perfectament per a captar el moment prec\u00eds i arrisca darrere de l&#8217;objectiu, aconseguint uns contrastos espectaculars. La figura i el fons treuen un partit espectacular al real\u00e7 de la instant\u00e0nia, jugant molt b\u00e9 amb l&#8217;escala de grises. De la imatge podrien desprendre&#8217;s dues fotografies, tallant-la justament per la meitat. Hi ha un equilibri de pesos notable i molt ben estudiat: en un costat el treballador i en l&#8217;altre l&#8217;explosi\u00f3 en el seu moment m\u00e9s \u00e0lgid.\u00a0 \u00a0 Lectura de la situaci\u00f3:\u00a0 El treballador com a persona. Abatiment. Aigua i foc. Cat\u00e0strofe humana econ\u00f2mica i ambiental incalculable.\u00a0 \u00a0 Font: UAB- La Vanguardia \u2013 Blog del Fot\u00f3grafo \u2013 Universidad Andina Sim\u00f3n Bol\u00edvar i Universidad de La Laguna.\u00a0 La Massana, Mar\u00e7 de 2024 Llu\u00eds Miquel P\u00e9rez \u2013 Associaci\u00f3 Fotogr\u00e0fica Valls del Nord.<\/p>\n","protected":false},"author":1,"featured_media":0,"parent":0,"menu_order":0,"comment_status":"closed","ping_status":"closed","template":"","meta":{"site-sidebar-layout":"no-sidebar","site-content-layout":"page-builder","ast-site-content-layout":"full-width-container","site-content-style":"default","site-sidebar-style":"default","ast-global-header-display":"","ast-banner-title-visibility":"","ast-main-header-display":"","ast-hfb-above-header-display":"","ast-hfb-below-header-display":"","ast-hfb-mobile-header-display":"","site-post-title":"disabled","ast-breadcrumbs-content":"","ast-featured-img":"disabled","footer-sml-layout":"","ast-disable-related-posts":"","theme-transparent-header-meta":"","adv-header-id-meta":"","stick-header-meta":"","header-above-stick-meta":"","header-main-stick-meta":"","header-below-stick-meta":"","astra-migrate-meta-layouts":"set","ast-page-background-enabled":"default","ast-page-background-meta":{"desktop":{"background-color":"var(--ast-global-color-4)","background-image":"","background-repeat":"repeat","background-position":"center center","background-size":"auto","background-attachment":"scroll","background-type":"","background-media":"","overlay-type":"","overlay-color":"","overlay-opacity":"","overlay-gradient":""},"tablet":{"background-color":"","background-image":"","background-repeat":"repeat","background-position":"center center","background-size":"auto","background-attachment":"scroll","background-type":"","background-media":"","overlay-type":"","overlay-color":"","overlay-opacity":"","overlay-gradient":""},"mobile":{"background-color":"","background-image":"","background-repeat":"repeat","background-position":"center center","background-size":"auto","background-attachment":"scroll","background-type":"","background-media":"","overlay-type":"","overlay-color":"","overlay-opacity":"","overlay-gradient":""}},"ast-content-background-meta":{"desktop":{"background-color":"var(--ast-global-color-5)","background-image":"","background-repeat":"repeat","background-position":"center center","background-size":"auto","background-attachment":"scroll","background-type":"","background-media":"","overlay-type":"","overlay-color":"","overlay-opacity":"","overlay-gradient":""},"tablet":{"background-color":"var(--ast-global-color-5)","background-image":"","background-repeat":"repeat","background-position":"center center","background-size":"auto","background-attachment":"scroll","background-type":"","background-media":"","overlay-type":"","overlay-color":"","overlay-opacity":"","overlay-gradient":""},"mobile":{"background-color":"var(--ast-global-color-5)","background-image":"","background-repeat":"repeat","background-position":"center center","background-size":"auto","background-attachment":"scroll","background-type":"","background-media":"","overlay-type":"","overlay-color":"","overlay-opacity":"","overlay-gradient":""}},"footnotes":""},"class_list":["post-3858","page","type-page","status-publish","hentry"],"aioseo_notices":[],"a3_pvc":{"activated":false,"total_views":0,"today_views":0},"_links":{"self":[{"href":"https:\/\/afvan.com\/index.php\/wp-json\/wp\/v2\/pages\/3858","targetHints":{"allow":["GET"]}}],"collection":[{"href":"https:\/\/afvan.com\/index.php\/wp-json\/wp\/v2\/pages"}],"about":[{"href":"https:\/\/afvan.com\/index.php\/wp-json\/wp\/v2\/types\/page"}],"author":[{"embeddable":true,"href":"https:\/\/afvan.com\/index.php\/wp-json\/wp\/v2\/users\/1"}],"replies":[{"embeddable":true,"href":"https:\/\/afvan.com\/index.php\/wp-json\/wp\/v2\/comments?post=3858"}],"version-history":[{"count":20,"href":"https:\/\/afvan.com\/index.php\/wp-json\/wp\/v2\/pages\/3858\/revisions"}],"predecessor-version":[{"id":4395,"href":"https:\/\/afvan.com\/index.php\/wp-json\/wp\/v2\/pages\/3858\/revisions\/4395"}],"wp:attachment":[{"href":"https:\/\/afvan.com\/index.php\/wp-json\/wp\/v2\/media?parent=3858"}],"curies":[{"name":"wp","href":"https:\/\/api.w.org\/{rel}","templated":true}]}}