{"id":4397,"date":"2024-04-02T18:47:49","date_gmt":"2024-04-02T17:47:49","guid":{"rendered":"https:\/\/afvan.com\/?page_id=4397"},"modified":"2024-04-02T18:48:54","modified_gmt":"2024-04-02T17:48:54","slug":"genesi","status":"publish","type":"page","link":"https:\/\/afvan.com\/index.php\/genesi\/","title":{"rendered":"G\u00e9nesi"},"content":{"rendered":"\t\t<div data-elementor-type=\"wp-page\" data-elementor-id=\"4397\" class=\"elementor elementor-4397\" data-elementor-post-type=\"page\">\n\t\t\t\t<div class=\"elementor-element elementor-element-0c87bc9 e-flex e-con-boxed wpr-particle-no wpr-jarallax-no wpr-parallax-no wpr-sticky-section-no wpr-equal-height-no e-con e-parent\" data-id=\"0c87bc9\" data-element_type=\"container\" data-e-type=\"container\">\n\t\t\t\t\t<div class=\"e-con-inner\">\n\t\t\t\t<div class=\"elementor-element elementor-element-9c087ca elementor-widget elementor-widget-heading\" data-id=\"9c087ca\" data-element_type=\"widget\" data-e-type=\"widget\" data-widget_type=\"heading.default\">\n\t\t\t\t<div class=\"elementor-widget-container\">\n\t\t\t\t\t<h2 class=\"elementor-heading-title elementor-size-default\">G\u00e9nesi<\/h2>\t\t\t\t<\/div>\n\t\t\t\t<\/div>\n\t\t\t\t\t<\/div>\n\t\t\t\t<\/div>\n\t\t<div class=\"elementor-element elementor-element-743d9da e-flex e-con-boxed wpr-particle-no wpr-jarallax-no wpr-parallax-no wpr-sticky-section-no wpr-equal-height-no e-con e-parent\" data-id=\"743d9da\" data-element_type=\"container\" data-e-type=\"container\">\n\t\t\t\t\t<div class=\"e-con-inner\">\n\t\t\t\t<div class=\"elementor-element elementor-element-ee92f90 elementor-widget elementor-widget-text-editor\" data-id=\"ee92f90\" data-element_type=\"widget\" data-e-type=\"widget\" data-widget_type=\"text-editor.default\">\n\t\t\t\t<div class=\"elementor-widget-container\">\n\t\t\t\t\t\t\t\t\t<p><b><span data-contrast=\"auto\">T\u00e8cnica:<\/span><\/b><span data-ccp-props=\"{&quot;335551550&quot;:6,&quot;335551620&quot;:6}\">\u00a0<\/span><\/p><p><span data-contrast=\"auto\">Es tracta d&#8217;una instant\u00e0nia que atrapa amb la mirada viva de les foques, a m\u00e9s de parer com si poguessis escoltar el seu reclam. A m\u00e9s, en el segon pla, on veiem els ping\u00fcins, sembla que es crea una repetici\u00f3 amb les seves siluetes.<\/span><span data-ccp-props=\"{&quot;335551550&quot;:6,&quot;335551620&quot;:6}\">\u00a0<\/span><\/p><p><b><span data-contrast=\"auto\">Lectura de la situaci\u00f3:<\/span><\/b><span data-ccp-props=\"{&quot;335551550&quot;:6,&quot;335551620&quot;:6}\">\u00a0<\/span><\/p><p><span data-contrast=\"auto\">Superviv\u00e8ncia. Vida animal. Naturalesa. Muntanya, neu i mar. Instint animal.<\/span><span data-ccp-props=\"{&quot;335551550&quot;:6,&quot;335551620&quot;:6}\">\u00a0<\/span><\/p><p><strong style=\"font-size: 16px;\"><span class=\"NormalTextRun SCXW43288183 BCX4\">Font<\/span><\/strong><span class=\"NormalTextRun SCXW43288183 BCX4\" style=\"font-size: 16px;\"><strong>:<\/strong><\/span><\/p><p><span class=\"TextRun SCXW43288183 BCX4\" lang=\"ES-ES\" xml:lang=\"ES-ES\" data-contrast=\"auto\"><span class=\"NormalTextRun SCXW43288183 BCX4\">UAB- La Vanguardia \u2013 Blog del <\/span><span class=\"NormalTextRun SCXW43288183 BCX4\">Fot\u00f3grafo<\/span><span class=\"NormalTextRun SCXW43288183 BCX4\"> \u2013 Universidad Andina Sim\u00f3n <\/span><span class=\"NormalTextRun SCXW43288183 BCX4\">Bol\u00edvar<\/span><span class=\"NormalTextRun SCXW43288183 BCX4\"> i Universidad de La<\/span><span class=\"NormalTextRun SCXW43288183 BCX4\"> Laguna.<\/span><\/span><span class=\"EOP SCXW43288183 BCX4\" data-ccp-props=\"{&quot;335551550&quot;:6,&quot;335551620&quot;:6}\">\u00a0<\/span><\/p><p>La Massana, Mar\u00e7 de 2024<\/p><p>Llu\u00eds Miquel P\u00e9rez \u2013 Associaci\u00f3 Fotogr\u00e0fica Valls del Nord.<\/p>\t\t\t\t\t\t\t\t<\/div>\n\t\t\t\t<\/div>\n\t\t\t\t\t<\/div>\n\t\t\t\t<\/div>\n\t\t\t\t<\/div>\n\t\t","protected":false},"excerpt":{"rendered":"<p>G\u00e9nesi T\u00e8cnica:\u00a0 Es tracta d&#8217;una instant\u00e0nia que atrapa amb la mirada viva de les foques, a m\u00e9s de parer com si poguessis escoltar el seu reclam. A m\u00e9s, en el segon pla, on veiem els ping\u00fcins, sembla que es crea una repetici\u00f3 amb les seves siluetes.\u00a0 Lectura de la situaci\u00f3:\u00a0 Superviv\u00e8ncia. Vida animal. Naturalesa. Muntanya, neu i mar. Instint animal.\u00a0 Font: UAB- La Vanguardia \u2013 Blog del Fot\u00f3grafo \u2013 Universidad Andina Sim\u00f3n Bol\u00edvar i Universidad de La Laguna.\u00a0 La Massana, Mar\u00e7 de 2024 Llu\u00eds Miquel P\u00e9rez \u2013 Associaci\u00f3 Fotogr\u00e0fica Valls del Nord.<\/p>\n","protected":false},"author":1,"featured_media":0,"parent":0,"menu_order":0,"comment_status":"closed","ping_status":"closed","template":"","meta":{"site-sidebar-layout":"no-sidebar","site-content-layout":"page-builder","ast-site-content-layout":"full-width-container","site-content-style":"default","site-sidebar-style":"default","ast-global-header-display":"","ast-banner-title-visibility":"","ast-main-header-display":"","ast-hfb-above-header-display":"","ast-hfb-below-header-display":"","ast-hfb-mobile-header-display":"","site-post-title":"disabled","ast-breadcrumbs-content":"","ast-featured-img":"disabled","footer-sml-layout":"","ast-disable-related-posts":"","theme-transparent-header-meta":"","adv-header-id-meta":"","stick-header-meta":"","header-above-stick-meta":"","header-main-stick-meta":"","header-below-stick-meta":"","astra-migrate-meta-layouts":"set","ast-page-background-enabled":"default","ast-page-background-meta":{"desktop":{"background-color":"var(--ast-global-color-4)","background-image":"","background-repeat":"repeat","background-position":"center center","background-size":"auto","background-attachment":"scroll","background-type":"","background-media":"","overlay-type":"","overlay-color":"","overlay-opacity":"","overlay-gradient":""},"tablet":{"background-color":"","background-image":"","background-repeat":"repeat","background-position":"center center","background-size":"auto","background-attachment":"scroll","background-type":"","background-media":"","overlay-type":"","overlay-color":"","overlay-opacity":"","overlay-gradient":""},"mobile":{"background-color":"","background-image":"","background-repeat":"repeat","background-position":"center center","background-size":"auto","background-attachment":"scroll","background-type":"","background-media":"","overlay-type":"","overlay-color":"","overlay-opacity":"","overlay-gradient":""}},"ast-content-background-meta":{"desktop":{"background-color":"var(--ast-global-color-5)","background-image":"","background-repeat":"repeat","background-position":"center center","background-size":"auto","background-attachment":"scroll","background-type":"","background-media":"","overlay-type":"","overlay-color":"","overlay-opacity":"","overlay-gradient":""},"tablet":{"background-color":"var(--ast-global-color-5)","background-image":"","background-repeat":"repeat","background-position":"center center","background-size":"auto","background-attachment":"scroll","background-type":"","background-media":"","overlay-type":"","overlay-color":"","overlay-opacity":"","overlay-gradient":""},"mobile":{"background-color":"var(--ast-global-color-5)","background-image":"","background-repeat":"repeat","background-position":"center center","background-size":"auto","background-attachment":"scroll","background-type":"","background-media":"","overlay-type":"","overlay-color":"","overlay-opacity":"","overlay-gradient":""}},"footnotes":""},"class_list":["post-4397","page","type-page","status-publish","hentry"],"aioseo_notices":[],"a3_pvc":{"activated":false,"total_views":0,"today_views":0},"_links":{"self":[{"href":"https:\/\/afvan.com\/index.php\/wp-json\/wp\/v2\/pages\/4397","targetHints":{"allow":["GET"]}}],"collection":[{"href":"https:\/\/afvan.com\/index.php\/wp-json\/wp\/v2\/pages"}],"about":[{"href":"https:\/\/afvan.com\/index.php\/wp-json\/wp\/v2\/types\/page"}],"author":[{"embeddable":true,"href":"https:\/\/afvan.com\/index.php\/wp-json\/wp\/v2\/users\/1"}],"replies":[{"embeddable":true,"href":"https:\/\/afvan.com\/index.php\/wp-json\/wp\/v2\/comments?post=4397"}],"version-history":[{"count":4,"href":"https:\/\/afvan.com\/index.php\/wp-json\/wp\/v2\/pages\/4397\/revisions"}],"predecessor-version":[{"id":4402,"href":"https:\/\/afvan.com\/index.php\/wp-json\/wp\/v2\/pages\/4397\/revisions\/4402"}],"wp:attachment":[{"href":"https:\/\/afvan.com\/index.php\/wp-json\/wp\/v2\/media?parent=4397"}],"curies":[{"name":"wp","href":"https:\/\/api.w.org\/{rel}","templated":true}]}}