{"id":5297,"date":"2025-01-12T09:05:17","date_gmt":"2025-01-12T08:05:17","guid":{"rendered":"https:\/\/afvan.com\/?page_id=5297"},"modified":"2025-01-15T14:44:59","modified_gmt":"2025-01-15T13:44:59","slug":"marxandatge","status":"publish","type":"page","link":"https:\/\/afvan.com\/index.php\/marxandatge\/","title":{"rendered":"Marxandatge"},"content":{"rendered":"\t\t<div data-elementor-type=\"wp-page\" data-elementor-id=\"5297\" class=\"elementor elementor-5297\" data-elementor-post-type=\"page\">\n\t\t\t\t<div class=\"elementor-element elementor-element-5dbe526 e-flex e-con-boxed wpr-particle-no wpr-jarallax-no wpr-parallax-no wpr-sticky-section-no wpr-equal-height-no e-con e-parent\" data-id=\"5dbe526\" data-element_type=\"container\" data-e-type=\"container\">\n\t\t\t\t\t<div class=\"e-con-inner\">\n\t\t\t\t<div class=\"elementor-element elementor-element-f16aa74 elementor-widget elementor-widget-spacer\" data-id=\"f16aa74\" data-element_type=\"widget\" data-e-type=\"widget\" data-widget_type=\"spacer.default\">\n\t\t\t\t<div class=\"elementor-widget-container\">\n\t\t\t\t\t\t\t<div class=\"elementor-spacer\">\n\t\t\t<div class=\"elementor-spacer-inner\"><\/div>\n\t\t<\/div>\n\t\t\t\t\t\t<\/div>\n\t\t\t\t<\/div>\n\t\t\t\t<div class=\"elementor-element elementor-element-8250205 elementor-widget elementor-widget-heading\" data-id=\"8250205\" data-element_type=\"widget\" data-e-type=\"widget\" data-widget_type=\"heading.default\">\n\t\t\t\t<div class=\"elementor-widget-container\">\n\t\t\t\t\t<h2 class=\"elementor-heading-title elementor-size-default\">Marxandatge  AFVAN<\/h2>\t\t\t\t<\/div>\n\t\t\t\t<\/div>\n\t\t\t\t<div class=\"elementor-element elementor-element-10e8379 elementor-widget elementor-widget-spacer\" data-id=\"10e8379\" data-element_type=\"widget\" data-e-type=\"widget\" data-widget_type=\"spacer.default\">\n\t\t\t\t<div class=\"elementor-widget-container\">\n\t\t\t\t\t\t\t<div class=\"elementor-spacer\">\n\t\t\t<div class=\"elementor-spacer-inner\"><\/div>\n\t\t<\/div>\n\t\t\t\t\t\t<\/div>\n\t\t\t\t<\/div>\n\t\t\t\t\t<\/div>\n\t\t\t\t<\/div>\n\t\t<div class=\"elementor-element elementor-element-b8be920 e-con-full e-flex wpr-particle-no wpr-jarallax-no wpr-parallax-no wpr-sticky-section-no wpr-equal-height-no e-con e-parent\" data-id=\"b8be920\" data-element_type=\"container\" data-e-type=\"container\">\n\t\t\t\t<div class=\"elementor-element elementor-element-cc75ae2 ekit-equal-height-enable elementor-widget__width-initial elementor-widget-mobile__width-initial elementor-widget elementor-widget-elementskit-image-box\" data-id=\"cc75ae2\" data-element_type=\"widget\" data-e-type=\"widget\" data-widget_type=\"elementskit-image-box.default\">\n\t\t\t\t<div class=\"elementor-widget-container\">\n\t\t\t\t\t<div class=\"ekit-wid-con\" >\n            <div class=\"elementskit-info-image-box ekit-image-box text-center style-modern\" >\n\n                \n                <div class=\"elementskit-box-header image-box-img-center\">\n\n                    <img fetchpriority=\"high\" decoding=\"async\" width=\"300\" height=\"288\" src=\"https:\/\/afvan.com\/wp-content\/uploads\/2025\/01\/SUDADERA-CLIQUE2-300x288.jpg\" class=\"attachment-medium size-medium wp-image-5364\" alt=\"desuadora afvan\" srcset=\"https:\/\/afvan.com\/wp-content\/uploads\/2025\/01\/SUDADERA-CLIQUE2-300x288.jpg 300w, https:\/\/afvan.com\/wp-content\/uploads\/2025\/01\/SUDADERA-CLIQUE2-1024x983.jpg 1024w, https:\/\/afvan.com\/wp-content\/uploads\/2025\/01\/SUDADERA-CLIQUE2-768x737.jpg 768w, https:\/\/afvan.com\/wp-content\/uploads\/2025\/01\/SUDADERA-CLIQUE2-1536x1474.jpg 1536w, https:\/\/afvan.com\/wp-content\/uploads\/2025\/01\/SUDADERA-CLIQUE2-2048x1966.jpg 2048w\" sizes=\"(max-width: 300px) 100vw, 300px\" \/>\n                <\/div>\n                \n                <div class=\"elementskit-box-body ekit-image-box-body\">\n                    <div class=\"elementskit-box-content ekit-image-box-body-inner\">\n                                                <h3 class=\"elementskit-info-box-title\">\n\n                        Desuadora AFVAN\n                        \n                    <\/h3>\n                                                            <div class=\"elementskit-box-style-content\">\n                        desuadora amb el logo afvan al pit i a l'esquena                    <\/div>\n                                    <\/div>\n\n                                <div class=\"elementskit-box-footer\">\n                    <div class=\"box-footer\">\n                        <div class=\"btn-wraper\">\n                                                            <a href=\"https:\/\/afvan.com\/index.php\/botiga-desuadores\/\" class=\"elementskit-btn whitespace--normal\">\n                                    \n                                    \n                                    ho vull                                <\/a>\n                                                        <\/div>\n                    <\/div>\n                <\/div>\n                            <\/div>\n            <\/div>\n    <\/div>\t\t\t\t<\/div>\n\t\t\t\t<\/div>\n\t\t\t\t<div class=\"elementor-element elementor-element-7b079d8 ekit-equal-height-enable elementor-widget-mobile__width-initial elementor-widget elementor-widget-elementskit-image-box\" data-id=\"7b079d8\" data-element_type=\"widget\" data-e-type=\"widget\" data-widget_type=\"elementskit-image-box.default\">\n\t\t\t\t<div class=\"elementor-widget-container\">\n\t\t\t\t\t<div class=\"ekit-wid-con\" >\n            <div class=\"elementskit-info-image-box ekit-image-box text-center style-modern\" >\n\n                \n                <div class=\"elementskit-box-header image-box-img-center\">\n\n                    <img decoding=\"async\" width=\"231\" height=\"300\" src=\"https:\/\/afvan.com\/wp-content\/uploads\/2025\/01\/polos-clique_02-231x300.jpg\" class=\"attachment-medium size-medium wp-image-5366\" alt=\"polo afvan\" srcset=\"https:\/\/afvan.com\/wp-content\/uploads\/2025\/01\/polos-clique_02-231x300.jpg 231w, https:\/\/afvan.com\/wp-content\/uploads\/2025\/01\/polos-clique_02-788x1024.jpg 788w, https:\/\/afvan.com\/wp-content\/uploads\/2025\/01\/polos-clique_02-768x998.jpg 768w, https:\/\/afvan.com\/wp-content\/uploads\/2025\/01\/polos-clique_02-1182x1536.jpg 1182w, https:\/\/afvan.com\/wp-content\/uploads\/2025\/01\/polos-clique_02-1575x2048.jpg 1575w, https:\/\/afvan.com\/wp-content\/uploads\/2025\/01\/polos-clique_02.jpg 1600w\" sizes=\"(max-width: 231px) 100vw, 231px\" \/>\n                <\/div>\n                \n                <div class=\"elementskit-box-body ekit-image-box-body\">\n                    <div class=\"elementskit-box-content ekit-image-box-body-inner\">\n                                                <h3 class=\"elementskit-info-box-title\">\n\n                        Polo AFVAN\n                        \n                    <\/h3>\n                                                            <div class=\"elementskit-box-style-content\">\n                        Polo amb el logo afvan al pit                     <\/div>\n                                    <\/div>\n\n                                <div class=\"elementskit-box-footer\">\n                    <div class=\"box-footer\">\n                        <div class=\"btn-wraper\">\n                                                            <a href=\"https:\/\/afvan.com\/index.php\/botiga-polos\/\" class=\"elementskit-btn whitespace--normal\">\n                                    \n                                    \n                                    ho vull                                <\/a>\n                                                        <\/div>\n                    <\/div>\n                <\/div>\n                            <\/div>\n            <\/div>\n    <\/div>\t\t\t\t<\/div>\n\t\t\t\t<\/div>\n\t\t\t\t<div class=\"elementor-element elementor-element-fec1b27 ekit-equal-height-enable elementor-widget__width-initial elementor-widget-mobile__width-initial elementor-widget elementor-widget-elementskit-image-box\" data-id=\"fec1b27\" data-element_type=\"widget\" data-e-type=\"widget\" data-widget_type=\"elementskit-image-box.default\">\n\t\t\t\t<div class=\"elementor-widget-container\">\n\t\t\t\t\t<div class=\"ekit-wid-con\" >\n            <div class=\"elementskit-info-image-box ekit-image-box text-center style-modern\" >\n\n                \n                <div class=\"elementskit-box-header image-box-img-center\">\n\n                    <img decoding=\"async\" width=\"294\" height=\"300\" src=\"https:\/\/afvan.com\/wp-content\/uploads\/2025\/01\/tallavents-_02_sols-294x300.jpg\" class=\"attachment-medium size-medium wp-image-5367\" alt=\"tallavent afvan\" srcset=\"https:\/\/afvan.com\/wp-content\/uploads\/2025\/01\/tallavents-_02_sols-294x300.jpg 294w, https:\/\/afvan.com\/wp-content\/uploads\/2025\/01\/tallavents-_02_sols-1005x1024.jpg 1005w, https:\/\/afvan.com\/wp-content\/uploads\/2025\/01\/tallavents-_02_sols-768x782.jpg 768w, https:\/\/afvan.com\/wp-content\/uploads\/2025\/01\/tallavents-_02_sols-1508x1536.jpg 1508w, https:\/\/afvan.com\/wp-content\/uploads\/2025\/01\/tallavents-_02_sols.jpg 1600w\" sizes=\"(max-width: 294px) 100vw, 294px\" \/>\n                <\/div>\n                \n                <div class=\"elementskit-box-body ekit-image-box-body\">\n                    <div class=\"elementskit-box-content ekit-image-box-body-inner\">\n                                                <h3 class=\"elementskit-info-box-title\">\n\n                        Tallavent AFVAN\n                        \n                    <\/h3>\n                                                            <div class=\"elementskit-box-style-content\">\n                        Tallavent amb el logo afvan al pit i a l'esquena                     <\/div>\n                                    <\/div>\n\n                                <div class=\"elementskit-box-footer\">\n                    <div class=\"box-footer\">\n                        <div class=\"btn-wraper\">\n                                                            <a href=\"https:\/\/afvan.com\/index.php\/botiga-tallavents\/\" class=\"elementskit-btn whitespace--normal\">\n                                    \n                                    \n                                    ho vull                                <\/a>\n                                                        <\/div>\n                    <\/div>\n                <\/div>\n                            <\/div>\n            <\/div>\n    <\/div>\t\t\t\t<\/div>\n\t\t\t\t<\/div>\n\t\t\t\t<div class=\"elementor-element elementor-element-7d497c4 ekit-equal-height-enable elementor-widget__width-initial elementor-widget-mobile__width-initial elementor-widget elementor-widget-elementskit-image-box\" data-id=\"7d497c4\" data-element_type=\"widget\" data-e-type=\"widget\" data-widget_type=\"elementskit-image-box.default\">\n\t\t\t\t<div class=\"elementor-widget-container\">\n\t\t\t\t\t<div class=\"ekit-wid-con\" >\n            <div class=\"elementskit-info-image-box ekit-image-box text-center style-modern\" >\n\n                \n                <div class=\"elementskit-box-header image-box-img-center\">\n\n                    <img loading=\"lazy\" decoding=\"async\" width=\"231\" height=\"300\" src=\"https:\/\/afvan.com\/wp-content\/uploads\/2025\/01\/gorros-clique_02-231x300.jpg\" class=\"attachment-medium size-medium wp-image-5368\" alt=\"gorros afvan\" srcset=\"https:\/\/afvan.com\/wp-content\/uploads\/2025\/01\/gorros-clique_02-231x300.jpg 231w, https:\/\/afvan.com\/wp-content\/uploads\/2025\/01\/gorros-clique_02-788x1024.jpg 788w, https:\/\/afvan.com\/wp-content\/uploads\/2025\/01\/gorros-clique_02-768x998.jpg 768w, https:\/\/afvan.com\/wp-content\/uploads\/2025\/01\/gorros-clique_02-1182x1536.jpg 1182w, https:\/\/afvan.com\/wp-content\/uploads\/2025\/01\/gorros-clique_02-1575x2048.jpg 1575w, https:\/\/afvan.com\/wp-content\/uploads\/2025\/01\/gorros-clique_02.jpg 1600w\" sizes=\"(max-width: 231px) 100vw, 231px\" \/>\n                <\/div>\n                \n                <div class=\"elementskit-box-body ekit-image-box-body\">\n                    <div class=\"elementskit-box-content ekit-image-box-body-inner\">\n                                                <h3 class=\"elementskit-info-box-title\">\n\n                        Gorro AFVAN\n                        \n                    <\/h3>\n                                                            <div class=\"elementskit-box-style-content\">\n                        Gorro amb el logo afvan                      <\/div>\n                                    <\/div>\n\n                                <div class=\"elementskit-box-footer\">\n                    <div class=\"box-footer\">\n                        <div class=\"btn-wraper\">\n                                                            <a href=\"https:\/\/afvan.com\/index.php\/botiga-gorros\/\" class=\"elementskit-btn whitespace--normal\">\n                                    \n                                    \n                                    ho vull                                <\/a>\n                                                        <\/div>\n                    <\/div>\n                <\/div>\n                            <\/div>\n            <\/div>\n    <\/div>\t\t\t\t<\/div>\n\t\t\t\t<\/div>\n\t\t\t\t<\/div>\n\t\t<div class=\"elementor-element elementor-element-67467c7 e-flex e-con-boxed wpr-particle-no wpr-jarallax-no wpr-parallax-no wpr-sticky-section-no wpr-equal-height-no e-con e-parent\" data-id=\"67467c7\" data-element_type=\"container\" data-e-type=\"container\">\n\t\t\t\t\t<div class=\"e-con-inner\">\n\t\t\t\t<div class=\"elementor-element elementor-element-3088715 elementor-widget elementor-widget-tp-info-box\" data-id=\"3088715\" data-element_type=\"widget\" data-e-type=\"widget\" data-widget_type=\"tp-info-box.default\">\n\t\t\t\t<div class=\"elementor-widget-container\">\n\t\t\t\t\t<div id=\"info_box69f284878c550\" class=\"pt_plus_info_box  info_box69f284878c550 info-box-style_3     \"  data-id=\"info_box69f284878c550\" ><div class=\"post-inner-loop \"><div class=\"info-box-inner content_hover_effect \"><div class=\"info-box-bg-box  \"><div class=\" info-box-content \"><div class=\"service-center\"><div class=\"info-icon-content\"><div class=\"service-icon-wrap\"><i class=\" fa fa-warning service-icon  icon-squre\"><\/i><\/div><\/div><a  ><div class=\"service-title \"> Condicions de Compra per a Roba amb el Logo de l'AFVAN <\/div><\/a><div class=\"service-border\"> <\/div><div class=\"service-desc\"> <ol start=\"1\" data-spread=\"true\" data-pm-slice=\"3 1 []\"><li><ol start=\"1\" data-spread=\"true\" data-pm-slice=\"3 1 []\"><li><p style=\"text-align: left\"><strong>Productes Personalitzats<\/strong> Tots els articles amb el logo de l'AFVAN es fabriquen sota comanda i de manera personalitzada. Aix\u00f2 significa que no s'accepten canvis ni devolucions un cop finalitzada la compra.<\/p><\/li><li style=\"text-align: left\"><p><strong>Confirmaci\u00f3 de Talla i Color<\/strong> \u00c9s imprescindible que el client revisi amb atenci\u00f3 i confirmi la talla i el color abans de completar la compra. Els articles es produeixen segons les especificacions seleccionades, i no ser\u00e0 possible modificar cap detall posteriorment.<\/p><\/li><li style=\"text-align: left\"><p><strong>Talles i Recomanacions<\/strong> Les talles dels productes segueixen les mesures oficials i solen ser una mica grans. Es recomana consultar la taula de talles proporcionada per assegurar-se que la selecci\u00f3 \u00e9s l'adequada.<\/p><\/li><li style=\"text-align: left\"><p><strong>Proc\u00e9s de Fabricaci\u00f3 i Recollida<\/strong> Despr\u00e9s de realitzar la comanda amb el Formulari rebras un mail amb les intruccions per finalitzar el pedido. Despr\u00e9s de realitzar el pagament, la producci\u00f3 dels articles comen\u00e7ar\u00e0 immediatament. Un cop finalitzats, els productes es podran recollir exclusivament a la seu de l'AFVAN. No es fan enviaments a domicili ni fora d'Andorra.<\/p><\/li><\/ol><p style=\"text-align: left\">En formalitzar la compra, el client accepta totes aquestes condicions i confirma haver revisat les especificacions relatives a talla i color.<\/p><\/li><\/ol> <\/div><\/div><\/div><div class=\"infobox-overlay-color\"><\/div><\/div><\/div><\/div><\/div>\t\t\t\t<\/div>\n\t\t\t\t<\/div>\n\t\t\t\t\t<\/div>\n\t\t\t\t<\/div>\n\t\t\t\t<\/div>\n\t\t","protected":false},"excerpt":{"rendered":"<p>Marxandatge AFVAN Desuadora AFVAN desuadora amb el logo afvan al pit i a l&#8217;esquena ho vull Polo AFVAN Polo amb el logo afvan al pit ho vull Tallavent AFVAN Tallavent amb el logo afvan al pit i a l&#8217;esquena ho vull Gorro AFVAN Gorro amb el logo afvan ho vull Condicions de Compra per a Roba amb el Logo de l&#8217;AFVAN Productes Personalitzats Tots els articles amb el logo de l&#8217;AFVAN es fabriquen sota comanda i de manera personalitzada. Aix\u00f2 significa que no s&#8217;accepten canvis ni devolucions un cop finalitzada la compra. Confirmaci\u00f3 de Talla i Color \u00c9s imprescindible que el client revisi amb atenci\u00f3 i confirmi la talla i el color abans de completar la compra. Els articles es produeixen segons les especificacions seleccionades, i no ser\u00e0 possible modificar cap detall posteriorment. Talles i Recomanacions Les talles dels productes segueixen les mesures oficials i solen ser una mica grans. Es recomana consultar la taula de talles proporcionada per assegurar-se que la selecci\u00f3 \u00e9s l&#8217;adequada. Proc\u00e9s de Fabricaci\u00f3 i Recollida Despr\u00e9s de realitzar la comanda amb el Formulari rebras un mail amb les intruccions per finalitzar el pedido. Despr\u00e9s de realitzar el pagament, la producci\u00f3 dels articles comen\u00e7ar\u00e0 immediatament. Un cop finalitzats, els productes es podran recollir exclusivament a la seu de l&#8217;AFVAN. No es fan enviaments a domicili ni fora d&#8217;Andorra. En formalitzar la compra, el client accepta totes aquestes condicions i confirma haver revisat les especificacions relatives a talla i color.<\/p>\n","protected":false},"author":1,"featured_media":0,"parent":0,"menu_order":0,"comment_status":"closed","ping_status":"closed","template":"","meta":{"site-sidebar-layout":"no-sidebar","site-content-layout":"page-builder","ast-site-content-layout":"full-width-container","site-content-style":"default","site-sidebar-style":"default","ast-global-header-display":"","ast-banner-title-visibility":"","ast-main-header-display":"","ast-hfb-above-header-display":"","ast-hfb-below-header-display":"","ast-hfb-mobile-header-display":"","site-post-title":"disabled","ast-breadcrumbs-content":"","ast-featured-img":"disabled","footer-sml-layout":"","ast-disable-related-posts":"","theme-transparent-header-meta":"","adv-header-id-meta":"","stick-header-meta":"","header-above-stick-meta":"","header-main-stick-meta":"","header-below-stick-meta":"","astra-migrate-meta-layouts":"set","ast-page-background-enabled":"default","ast-page-background-meta":{"desktop":{"background-color":"var(--ast-global-color-4)","background-image":"","background-repeat":"repeat","background-position":"center center","background-size":"auto","background-attachment":"scroll","background-type":"","background-media":"","overlay-type":"","overlay-color":"","overlay-opacity":"","overlay-gradient":""},"tablet":{"background-color":"","background-image":"","background-repeat":"repeat","background-position":"center center","background-size":"auto","background-attachment":"scroll","background-type":"","background-media":"","overlay-type":"","overlay-color":"","overlay-opacity":"","overlay-gradient":""},"mobile":{"background-color":"","background-image":"","background-repeat":"repeat","background-position":"center center","background-size":"auto","background-attachment":"scroll","background-type":"","background-media":"","overlay-type":"","overlay-color":"","overlay-opacity":"","overlay-gradient":""}},"ast-content-background-meta":{"desktop":{"background-color":"var(--ast-global-color-5)","background-image":"","background-repeat":"repeat","background-position":"center center","background-size":"auto","background-attachment":"scroll","background-type":"","background-media":"","overlay-type":"","overlay-color":"","overlay-opacity":"","overlay-gradient":""},"tablet":{"background-color":"var(--ast-global-color-5)","background-image":"","background-repeat":"repeat","background-position":"center center","background-size":"auto","background-attachment":"scroll","background-type":"","background-media":"","overlay-type":"","overlay-color":"","overlay-opacity":"","overlay-gradient":""},"mobile":{"background-color":"var(--ast-global-color-5)","background-image":"","background-repeat":"repeat","background-position":"center center","background-size":"auto","background-attachment":"scroll","background-type":"","background-media":"","overlay-type":"","overlay-color":"","overlay-opacity":"","overlay-gradient":""}},"footnotes":""},"class_list":["post-5297","page","type-page","status-publish","hentry"],"aioseo_notices":[],"a3_pvc":{"activated":false,"total_views":0,"today_views":0},"_links":{"self":[{"href":"https:\/\/afvan.com\/index.php\/wp-json\/wp\/v2\/pages\/5297","targetHints":{"allow":["GET"]}}],"collection":[{"href":"https:\/\/afvan.com\/index.php\/wp-json\/wp\/v2\/pages"}],"about":[{"href":"https:\/\/afvan.com\/index.php\/wp-json\/wp\/v2\/types\/page"}],"author":[{"embeddable":true,"href":"https:\/\/afvan.com\/index.php\/wp-json\/wp\/v2\/users\/1"}],"replies":[{"embeddable":true,"href":"https:\/\/afvan.com\/index.php\/wp-json\/wp\/v2\/comments?post=5297"}],"version-history":[{"count":68,"href":"https:\/\/afvan.com\/index.php\/wp-json\/wp\/v2\/pages\/5297\/revisions"}],"predecessor-version":[{"id":5517,"href":"https:\/\/afvan.com\/index.php\/wp-json\/wp\/v2\/pages\/5297\/revisions\/5517"}],"wp:attachment":[{"href":"https:\/\/afvan.com\/index.php\/wp-json\/wp\/v2\/media?parent=5297"}],"curies":[{"name":"wp","href":"https:\/\/api.w.org\/{rel}","templated":true}]}}