{"id":5405,"date":"2025-01-12T09:15:22","date_gmt":"2025-01-12T08:15:22","guid":{"rendered":"https:\/\/afvan.com\/?page_id=5405"},"modified":"2025-04-14T13:30:58","modified_gmt":"2025-04-14T12:30:58","slug":"botiga-desuadores","status":"publish","type":"page","link":"https:\/\/afvan.com\/index.php\/botiga-desuadores\/","title":{"rendered":"Botiga &#8211; Desuadores"},"content":{"rendered":"\t\t<div data-elementor-type=\"wp-page\" data-elementor-id=\"5405\" class=\"elementor elementor-5405\" data-elementor-post-type=\"page\">\n\t\t\t\t<div class=\"elementor-element elementor-element-5dbe526 e-flex e-con-boxed wpr-particle-no wpr-jarallax-no wpr-parallax-no wpr-sticky-section-no wpr-equal-height-no e-con e-parent\" data-id=\"5dbe526\" data-element_type=\"container\" data-e-type=\"container\">\n\t\t\t\t\t<div class=\"e-con-inner\">\n\t\t\t\t<div class=\"elementor-element elementor-element-f16aa74 elementor-widget elementor-widget-spacer\" data-id=\"f16aa74\" data-element_type=\"widget\" data-e-type=\"widget\" data-widget_type=\"spacer.default\">\n\t\t\t\t<div class=\"elementor-widget-container\">\n\t\t\t\t\t\t\t<div class=\"elementor-spacer\">\n\t\t\t<div class=\"elementor-spacer-inner\"><\/div>\n\t\t<\/div>\n\t\t\t\t\t\t<\/div>\n\t\t\t\t<\/div>\n\t\t\t\t<div class=\"elementor-element elementor-element-8250205 elementor-widget elementor-widget-heading\" data-id=\"8250205\" data-element_type=\"widget\" data-e-type=\"widget\" data-widget_type=\"heading.default\">\n\t\t\t\t<div class=\"elementor-widget-container\">\n\t\t\t\t\t<h2 class=\"elementor-heading-title elementor-size-default\">Marxandatge  AFVAN<\/h2>\t\t\t\t<\/div>\n\t\t\t\t<\/div>\n\t\t\t\t<div class=\"elementor-element elementor-element-10e8379 elementor-widget elementor-widget-spacer\" data-id=\"10e8379\" data-element_type=\"widget\" data-e-type=\"widget\" data-widget_type=\"spacer.default\">\n\t\t\t\t<div class=\"elementor-widget-container\">\n\t\t\t\t\t\t\t<div class=\"elementor-spacer\">\n\t\t\t<div class=\"elementor-spacer-inner\"><\/div>\n\t\t<\/div>\n\t\t\t\t\t\t<\/div>\n\t\t\t\t<\/div>\n\t\t\t\t\t<\/div>\n\t\t\t\t<\/div>\n\t\t<div class=\"elementor-element elementor-element-b8be920 e-flex e-con-boxed wpr-particle-no wpr-jarallax-no wpr-parallax-no wpr-sticky-section-no wpr-equal-height-no e-con e-parent\" data-id=\"b8be920\" data-element_type=\"container\" data-e-type=\"container\">\n\t\t\t\t\t<div class=\"e-con-inner\">\n\t\t\t\t<div class=\"elementor-element elementor-element-ef797e2 elementor-widget__width-initial elementor-widget-mobile__width-initial elementor-widget elementor-widget-image\" data-id=\"ef797e2\" data-element_type=\"widget\" data-e-type=\"widget\" data-widget_type=\"image.default\">\n\t\t\t\t<div class=\"elementor-widget-container\">\n\t\t\t\t\t\t\t\t\t\t\t\t\t\t\t<img fetchpriority=\"high\" decoding=\"async\" width=\"1024\" height=\"983\" src=\"https:\/\/afvan.com\/wp-content\/uploads\/2025\/01\/SUDADERA-CLIQUE2-1024x983.jpg\" class=\"attachment-large size-large wp-image-5364\" alt=\"desuadora afvan\" srcset=\"https:\/\/afvan.com\/wp-content\/uploads\/2025\/01\/SUDADERA-CLIQUE2-1024x983.jpg 1024w, https:\/\/afvan.com\/wp-content\/uploads\/2025\/01\/SUDADERA-CLIQUE2-300x288.jpg 300w, https:\/\/afvan.com\/wp-content\/uploads\/2025\/01\/SUDADERA-CLIQUE2-768x737.jpg 768w, https:\/\/afvan.com\/wp-content\/uploads\/2025\/01\/SUDADERA-CLIQUE2-1536x1474.jpg 1536w, https:\/\/afvan.com\/wp-content\/uploads\/2025\/01\/SUDADERA-CLIQUE2-2048x1966.jpg 2048w\" sizes=\"(max-width: 1024px) 100vw, 1024px\" \/>\t\t\t\t\t\t\t\t\t\t\t\t\t\t\t<\/div>\n\t\t\t\t<\/div>\n\t\t\t\t<div class=\"elementor-element elementor-element-9471912 elementor-widget__width-initial elementor-widget-mobile__width-initial elementor-widget elementor-widget-price-list\" data-id=\"9471912\" data-element_type=\"widget\" data-e-type=\"widget\" data-widget_type=\"price-list.default\">\n\t\t\t\t<div class=\"elementor-widget-container\">\n\t\t\t\t\t\n\t\t<ul class=\"elementor-price-list\">\n\n\t\t\t\t\t\t\t\t\t<li><a class=\"elementor-price-list-item\" href=\"#\">\t\t\t\t\n\t\t\t\t<div class=\"elementor-price-list-text\">\n\t\t\t\t\t\t\t\t\t<div class=\"elementor-price-list-header\">\n\t\t\t\t\t\t\t\t\t\t\t<span class=\"elementor-price-list-title\">\n\t\t\t\t\t\t\tPreu Soci AFVAN\t\t\t\t\t\t<\/span>\n\t\t\t\t\t\t\t\t\t\t\t\t\t\t\t\t\t\t<span class=\"elementor-price-list-separator\"><\/span>\n\t\t\t\t\t\t\t\t\t\t\t\t\t\t\t\t\t\t\t<span class=\"elementor-price-list-price\">35\u20ac<\/span>\n\t\t\t\t\t\t\t\t\t\t<\/div>\n\t\t\t\t\t\t\t\t\t\t\t\t<\/div>\n\t\t\t\t<\/a><\/li>\t\t\t\t\t\t\t\t\t\t\t\t<li><a class=\"elementor-price-list-item\" href=\"#\">\t\t\t\t\n\t\t\t\t<div class=\"elementor-price-list-text\">\n\t\t\t\t\t\t\t\t\t<div class=\"elementor-price-list-header\">\n\t\t\t\t\t\t\t\t\t\t\t<span class=\"elementor-price-list-title\">\n\t\t\t\t\t\t\tPreu \t\t\t\t\t\t<\/span>\n\t\t\t\t\t\t\t\t\t\t\t\t\t\t\t\t\t\t<span class=\"elementor-price-list-separator\"><\/span>\n\t\t\t\t\t\t\t\t\t\t\t\t\t\t\t\t\t\t\t<span class=\"elementor-price-list-price\">45\u20ac<\/span>\n\t\t\t\t\t\t\t\t\t\t<\/div>\n\t\t\t\t\t\t\t\t\t\t\t\t<\/div>\n\t\t\t\t<\/a><\/li>\t\t\t\t\t\n\t\t<\/ul>\n\n\t\t\t\t\t\t<\/div>\n\t\t\t\t<\/div>\n\t\t\t\t\t<\/div>\n\t\t\t\t<\/div>\n\t\t<div class=\"elementor-element elementor-element-52ef313 e-con-full e-flex wpr-particle-no wpr-jarallax-no wpr-parallax-no wpr-sticky-section-no wpr-equal-height-no e-con e-parent\" data-id=\"52ef313\" data-element_type=\"container\" data-e-type=\"container\">\n\t\t\t\t<div class=\"elementor-element elementor-element-b967b18 elementor-widget__width-initial elementor-widget-mobile__width-initial elementor-widget elementor-widget-tp-info-box\" data-id=\"b967b18\" data-element_type=\"widget\" data-e-type=\"widget\" data-widget_type=\"tp-info-box.default\">\n\t\t\t\t<div class=\"elementor-widget-container\">\n\t\t\t\t\t<div id=\"info_box69f2963799b99\" class=\"pt_plus_info_box  info_box69f2963799b99 info-box-style_3     \"  data-id=\"info_box69f2963799b99\" ><div class=\"post-inner-loop \"><div class=\"info-box-inner content_hover_effect \"><div class=\"info-box-bg-box  \"><div class=\" info-box-content \"><div class=\"service-center\"><div class=\"info-icon-content\"><div class=\"service-icon-wrap\"><i class=\" fa fa-warning service-icon  icon-squre\"><\/i><\/div><\/div><a  ><div class=\"service-title \"> Condicions de Compra per a Roba amb el Logo de l'AFVAN <\/div><\/a><div class=\"service-border\"> <\/div><div class=\"service-desc\"> <ol start=\"1\" data-spread=\"true\" data-pm-slice=\"3 1 []\"><li><p style=\"text-align: left\"><strong>Productes Personalitzats<\/strong> Tots els articles amb el logo de l'AFVAN es fabriquen sota comanda i de manera personalitzada. Aix\u00f2 significa que no s'accepten canvis ni devolucions un cop finalitzada la compra.<\/p><\/li><li style=\"text-align: left\"><p><strong>Confirmaci\u00f3 de Talla i Color<\/strong> \u00c9s imprescindible que el client revisi amb atenci\u00f3 i confirmi la talla i el color abans de completar la compra. Els articles es produeixen segons les especificacions seleccionades, i no ser\u00e0 possible modificar cap detall posteriorment.<\/p><\/li><li style=\"text-align: left\"><p><strong>Talles i Recomanacions<\/strong> Les talles dels productes segueixen les mesures oficials i solen ser una mica grans. Es recomana consultar la taula de talles proporcionada per assegurar-se que la selecci\u00f3 \u00e9s l'adequada.<\/p><\/li><li style=\"text-align: left\"><p><strong>Proc\u00e9s de Fabricaci\u00f3 i Recollida<\/strong> Despr\u00e9s de realitzar la comanda amb el Formulari rebras un mail amb les intruccions per finalitzar el pedido. Despr\u00e9s de realitzar el pagament, la producci\u00f3 dels articles comen\u00e7ar\u00e0 immediatament. Un cop finalitzats, els productes es podran recollir exclusivament a la seu de l'AFVAN. No es fan enviaments a domicili ni fora d'Andorra.<\/p><\/li><\/ol><p style=\"text-align: left\">En formalitzar la compra, el client accepta totes aquestes condicions i confirma haver revisat les especificacions relatives a talla i color.<\/p> <\/div><\/div><\/div><div class=\"infobox-overlay-color\"><\/div><\/div><\/div><\/div><\/div>\t\t\t\t<\/div>\n\t\t\t\t<\/div>\n\t\t<div class=\"elementor-element elementor-element-3df47e3 e-flex e-con-boxed wpr-particle-no wpr-jarallax-no wpr-parallax-no wpr-sticky-section-no wpr-equal-height-no e-con e-child\" data-id=\"3df47e3\" data-element_type=\"container\" data-e-type=\"container\">\n\t\t\t\t\t<div class=\"e-con-inner\">\n\t\t\t\t<div class=\"elementor-element elementor-element-6bbbd31 elementor-widget elementor-widget-htmega-contactform-addons\" data-id=\"6bbbd31\" data-element_type=\"widget\" data-e-type=\"widget\" data-widget_type=\"htmega-contactform-addons.default\">\n\t\t\t\t<div class=\"elementor-widget-container\">\n\t\t\t\t\t            <div class=\"htmega-form-wrapper sid6bbbd31 htmega-form-style-1\" >\n                \n<div class=\"wpcf7 no-js\" id=\"wpcf7-f5433-o1\" lang=\"ca\" dir=\"ltr\" data-wpcf7-id=\"5433\">\n<div class=\"screen-reader-response\"><p role=\"status\" aria-live=\"polite\" aria-atomic=\"true\"><\/p> <ul><\/ul><\/div>\n<form action=\"\/index.php\/wp-json\/wp\/v2\/pages\/5405#wpcf7-f5433-o1\" method=\"post\" class=\"wpcf7-form init\" aria-label=\"Formulari de contacte\" novalidate=\"novalidate\" data-status=\"init\">\n<fieldset class=\"hidden-fields-container\"><input type=\"hidden\" name=\"_wpcf7\" value=\"5433\" \/><input type=\"hidden\" name=\"_wpcf7_version\" value=\"6.1.5\" \/><input type=\"hidden\" name=\"_wpcf7_locale\" value=\"ca\" \/><input type=\"hidden\" name=\"_wpcf7_unit_tag\" value=\"wpcf7-f5433-o1\" \/><input type=\"hidden\" name=\"_wpcf7_container_post\" value=\"0\" \/><input type=\"hidden\" name=\"_wpcf7_posted_data_hash\" value=\"\" \/><input type=\"hidden\" name=\"_wpcf7_recaptcha_response\" value=\"\" \/>\n<\/fieldset>\n<h2>FORMULARI DE COMANDA\n<\/h2>\n<h2>Desuadora amb Logo AFVAN al Pit i Esquena\n<\/h2>\n<p><label> Selecciona Model<br \/>\n<span class=\"wpcf7-form-control-wrap\" data-name=\"modelo\"><select class=\"wpcf7-form-control wpcf7-select wpcf7-validates-as-required\" aria-required=\"true\" aria-invalid=\"false\" name=\"modelo\"><option value=\"\"><\/option><option value=\"021034 - Home Basic Hoody amb Cremallera\">021034 - Home Basic Hoody amb Cremallera<\/option><option value=\"021035 - Dona Basic Hoody amb Cremallera\">021035 - Dona Basic Hoody amb Cremallera<\/option><\/select><\/span> <\/label>\n<\/p>\n<p><label> Selecciona Color<br \/>\n<span class=\"wpcf7-form-control-wrap\" data-name=\"color\"><select class=\"wpcf7-form-control wpcf7-select wpcf7-validates-as-required\" aria-required=\"true\" aria-invalid=\"false\" name=\"color\"><option value=\"\"><\/option><option value=\"35 - Rojo\">35 - Rojo<\/option><option value=\"605 - Verde\">605 - Verde<\/option><option value=\"55 - Azul\">55 - Azul<\/option><option value=\"580 - Azul Oscuro\">580 - Azul Oscuro<\/option><option value=\"95 - Gris Claro\">95 - Gris Claro<\/option><option value=\"955 - Antracita\">955 - Antracita<\/option><option value=\"99 - Negro\">99 - Negro<\/option><\/select><\/span> <\/label>\n<\/p>\n<p><label> Selecciona Talla<br \/>\n<span class=\"wpcf7-form-control-wrap\" data-name=\"talla\"><select class=\"wpcf7-form-control wpcf7-select wpcf7-validates-as-required\" aria-required=\"true\" aria-invalid=\"false\" name=\"talla\"><option value=\"\"><\/option><option value=\"XS\">XS<\/option><option value=\"S\">S<\/option><option value=\"M\">M<\/option><option value=\"L\">L<\/option><option value=\"XL\">XL<\/option><option value=\"XXL\">XXL<\/option><option value=\"3XL\">3XL<\/option><option value=\"4XL\">4XL<\/option><option value=\"5XL\">5XL<\/option><\/select><\/span> <\/label>\n<\/p>\n<p><label> Selecciona Quantitat<br \/>\n<span class=\"wpcf7-form-control-wrap\" data-name=\"cantidad\"><input class=\"wpcf7-form-control wpcf7-number wpcf7-validates-as-required wpcf7-validates-as-number\" min=\"1\" max=\"100\" aria-required=\"true\" aria-invalid=\"false\" value=\"\" type=\"number\" name=\"cantidad\" \/><\/span> <\/label>\n<\/p>\n<p><label> El nom<br \/>\n<span class=\"wpcf7-form-control-wrap\" data-name=\"your-name\"><input size=\"40\" maxlength=\"400\" class=\"wpcf7-form-control wpcf7-text wpcf7-validates-as-required\" autocomplete=\"name\" aria-required=\"true\" aria-invalid=\"false\" value=\"\" type=\"text\" name=\"your-name\" \/><\/span> <\/label>\n<\/p>\n<p><label> El correu electr\u00f2nic<br \/>\n<span class=\"wpcf7-form-control-wrap\" data-name=\"your-email\"><input size=\"40\" maxlength=\"400\" class=\"wpcf7-form-control wpcf7-email wpcf7-validates-as-required wpcf7-text wpcf7-validates-as-email\" autocomplete=\"email\" aria-required=\"true\" aria-invalid=\"false\" value=\"\" type=\"email\" name=\"your-email\" \/><\/span> <\/label>\n<\/p>\n<p><label> Telefon \/ Whatsapp<br \/>\n<span class=\"wpcf7-form-control-wrap\" data-name=\"telefon\"><input size=\"40\" maxlength=\"400\" class=\"wpcf7-form-control wpcf7-tel wpcf7-validates-as-required wpcf7-text wpcf7-validates-as-tel\" autocomplete=\"tel\" aria-required=\"true\" aria-invalid=\"false\" placeholder=\"+ codipais numero\" value=\"\" type=\"tel\" name=\"telefon\" \/><\/span><\/label>\n<\/p>\n<p><label> Nota (opcional)<br \/>\n<span class=\"wpcf7-form-control-wrap\" data-name=\"your-message\"><textarea cols=\"40\" rows=\"10\" maxlength=\"2000\" class=\"wpcf7-form-control wpcf7-textarea\" aria-invalid=\"false\" name=\"your-message\"><\/textarea><\/span> <\/label>\n<\/p>\n<p><span class=\"wpcf7-form-control-wrap\" data-name=\"ets-soci\"><span class=\"wpcf7-form-control wpcf7-radio\"><span class=\"wpcf7-list-item first\"><label><input type=\"radio\" name=\"ets-soci\" value=\"S\u00ed  soc Soci AFVAN\" \/><span class=\"wpcf7-list-item-label\">S\u00ed  soc Soci AFVAN<\/span><\/label><\/span><span class=\"wpcf7-list-item last\"><label><input type=\"radio\" name=\"ets-soci\" value=\"No soc soci AFVAN\" \/><span class=\"wpcf7-list-item-label\">No soc soci AFVAN<\/span><\/label><\/span><\/span><\/span>\n<\/p>\n<p><span class=\"wpcf7-form-control-wrap\" data-name=\"acepto-condicions-compra\"><span class=\"wpcf7-form-control wpcf7-acceptance\"><span class=\"wpcf7-list-item\"><label><input type=\"checkbox\" name=\"acepto-condicions-compra\" value=\"1\" aria-invalid=\"false\" \/><span class=\"wpcf7-list-item-label\">Acepto les Condicions de Compra per a Roba amb el Logo de l'AFVAN<\/span><\/label><\/span><\/span><\/span>\n<\/p>\n<p><span class=\"wpcf7-form-control-wrap\" data-name=\"nosocunrobot\"><label><span class=\"wpcf7-quiz-label\">2+3=?<\/span> <input size=\"40\" class=\"wpcf7-form-control wpcf7-quiz\" autocomplete=\"off\" aria-required=\"true\" aria-invalid=\"false\" type=\"text\" name=\"nosocunrobot\" \/><\/label><input type=\"hidden\" name=\"_wpcf7_quiz_answer_nosocunrobot\" value=\"f276d273b1266727f4d6f6987dc86f38\" \/><\/span>\n<\/p>\n<p><input class=\"wpcf7-form-control wpcf7-submit has-spinner\" type=\"submit\" value=\"Envia\" \/>\n<\/p>\n<p>Aquest formulari utilitza l'Akismet per reduir la brossa. <a target=\"_blank\" rel=\"nofollow noopener\" href=\"https:\/\/akismet.com\/privacy\/\">Conegueu com es tracten les vostres dades.<\/a>\n<\/p><p style=\"display: none !important;\" class=\"akismet-fields-container\" data-prefix=\"_wpcf7_ak_\"><label>&#916;<textarea name=\"_wpcf7_ak_hp_textarea\" cols=\"45\" rows=\"8\" maxlength=\"100\"><\/textarea><\/label><input type=\"hidden\" id=\"ak_js_1\" name=\"_wpcf7_ak_js\" value=\"224\"\/><script>\ndocument.getElementById( \"ak_js_1\" ).setAttribute( \"value\", ( new Date() ).getTime() );\n<\/script>\n<\/p><div class=\"wpcf7-response-output\" aria-hidden=\"true\"><\/div>\n<\/form>\n<\/div>\n            <\/div>\n\n\n        \t\t\t\t<\/div>\n\t\t\t\t<\/div>\n\t\t\t\t\t<\/div>\n\t\t\t\t<\/div>\n\t\t\t\t<\/div>\n\t\t\t\t<\/div>\n\t\t","protected":false},"excerpt":{"rendered":"<p>Marxandatge AFVAN Preu Soci AFVAN 35\u20ac Preu 45\u20ac Condicions de Compra per a Roba amb el Logo de l&#8217;AFVAN Productes Personalitzats Tots els articles amb el logo de l&#8217;AFVAN es fabriquen sota comanda i de manera personalitzada. Aix\u00f2 significa que no s&#8217;accepten canvis ni devolucions un cop finalitzada la compra. Confirmaci\u00f3 de Talla i Color \u00c9s imprescindible que el client revisi amb atenci\u00f3 i confirmi la talla i el color abans de completar la compra. Els articles es produeixen segons les especificacions seleccionades, i no ser\u00e0 possible modificar cap detall posteriorment. Talles i Recomanacions Les talles dels productes segueixen les mesures oficials i solen ser una mica grans. Es recomana consultar la taula de talles proporcionada per assegurar-se que la selecci\u00f3 \u00e9s l&#8217;adequada. Proc\u00e9s de Fabricaci\u00f3 i Recollida Despr\u00e9s de realitzar la comanda amb el Formulari rebras un mail amb les intruccions per finalitzar el pedido. Despr\u00e9s de realitzar el pagament, la producci\u00f3 dels articles comen\u00e7ar\u00e0 immediatament. Un cop finalitzats, els productes es podran recollir exclusivament a la seu de l&#8217;AFVAN. No es fan enviaments a domicili ni fora d&#8217;Andorra. En formalitzar la compra, el client accepta totes aquestes condicions i confirma haver revisat les especificacions relatives a talla i color. FORMULARI DE COMANDA Desuadora amb Logo AFVAN al Pit i Esquena Selecciona Model 021034 &#8211; Home Basic Hoody amb Cremallera021035 &#8211; Dona Basic Hoody amb Cremallera Selecciona Color 35 &#8211; Rojo605 &#8211; Verde55 &#8211; Azul580 &#8211; Azul Oscuro95 &#8211; Gris Claro955 &#8211; Antracita99 &#8211; Negro Selecciona Talla XSSMLXLXXL3XL4XL5XL Selecciona Quantitat El nom El correu electr\u00f2nic Telefon \/ Whatsapp Nota (opcional) S\u00ed soc Soci AFVANNo soc soci AFVAN Acepto les Condicions de Compra per a Roba amb el Logo de l&#8217;AFVAN 2+3=? Aquest formulari utilitza l&#8217;Akismet per reduir la brossa. Conegueu com es tracten les vostres dades. &#916;<\/p>\n","protected":false},"author":1,"featured_media":0,"parent":0,"menu_order":0,"comment_status":"closed","ping_status":"closed","template":"","meta":{"site-sidebar-layout":"no-sidebar","site-content-layout":"page-builder","ast-site-content-layout":"full-width-container","site-content-style":"default","site-sidebar-style":"default","ast-global-header-display":"","ast-banner-title-visibility":"","ast-main-header-display":"","ast-hfb-above-header-display":"","ast-hfb-below-header-display":"","ast-hfb-mobile-header-display":"","site-post-title":"disabled","ast-breadcrumbs-content":"","ast-featured-img":"disabled","footer-sml-layout":"","ast-disable-related-posts":"","theme-transparent-header-meta":"","adv-header-id-meta":"","stick-header-meta":"","header-above-stick-meta":"","header-main-stick-meta":"","header-below-stick-meta":"","astra-migrate-meta-layouts":"set","ast-page-background-enabled":"default","ast-page-background-meta":{"desktop":{"background-color":"var(--ast-global-color-4)","background-image":"","background-repeat":"repeat","background-position":"center center","background-size":"auto","background-attachment":"scroll","background-type":"","background-media":"","overlay-type":"","overlay-color":"","overlay-opacity":"","overlay-gradient":""},"tablet":{"background-color":"","background-image":"","background-repeat":"repeat","background-position":"center center","background-size":"auto","background-attachment":"scroll","background-type":"","background-media":"","overlay-type":"","overlay-color":"","overlay-opacity":"","overlay-gradient":""},"mobile":{"background-color":"","background-image":"","background-repeat":"repeat","background-position":"center center","background-size":"auto","background-attachment":"scroll","background-type":"","background-media":"","overlay-type":"","overlay-color":"","overlay-opacity":"","overlay-gradient":""}},"ast-content-background-meta":{"desktop":{"background-color":"var(--ast-global-color-5)","background-image":"","background-repeat":"repeat","background-position":"center center","background-size":"auto","background-attachment":"scroll","background-type":"","background-media":"","overlay-type":"","overlay-color":"","overlay-opacity":"","overlay-gradient":""},"tablet":{"background-color":"var(--ast-global-color-5)","background-image":"","background-repeat":"repeat","background-position":"center center","background-size":"auto","background-attachment":"scroll","background-type":"","background-media":"","overlay-type":"","overlay-color":"","overlay-opacity":"","overlay-gradient":""},"mobile":{"background-color":"var(--ast-global-color-5)","background-image":"","background-repeat":"repeat","background-position":"center center","background-size":"auto","background-attachment":"scroll","background-type":"","background-media":"","overlay-type":"","overlay-color":"","overlay-opacity":"","overlay-gradient":""}},"footnotes":""},"class_list":["post-5405","page","type-page","status-publish","hentry"],"aioseo_notices":[],"a3_pvc":{"activated":false,"total_views":0,"today_views":0},"_links":{"self":[{"href":"https:\/\/afvan.com\/index.php\/wp-json\/wp\/v2\/pages\/5405","targetHints":{"allow":["GET"]}}],"collection":[{"href":"https:\/\/afvan.com\/index.php\/wp-json\/wp\/v2\/pages"}],"about":[{"href":"https:\/\/afvan.com\/index.php\/wp-json\/wp\/v2\/types\/page"}],"author":[{"embeddable":true,"href":"https:\/\/afvan.com\/index.php\/wp-json\/wp\/v2\/users\/1"}],"replies":[{"embeddable":true,"href":"https:\/\/afvan.com\/index.php\/wp-json\/wp\/v2\/comments?post=5405"}],"version-history":[{"count":31,"href":"https:\/\/afvan.com\/index.php\/wp-json\/wp\/v2\/pages\/5405\/revisions"}],"predecessor-version":[{"id":5566,"href":"https:\/\/afvan.com\/index.php\/wp-json\/wp\/v2\/pages\/5405\/revisions\/5566"}],"wp:attachment":[{"href":"https:\/\/afvan.com\/index.php\/wp-json\/wp\/v2\/media?parent=5405"}],"curies":[{"name":"wp","href":"https:\/\/api.w.org\/{rel}","templated":true}]}}