{"id":6065,"date":"2025-09-22T13:39:55","date_gmt":"2025-09-22T12:39:55","guid":{"rendered":"https:\/\/afvan.com\/?page_id=6065"},"modified":"2025-10-15T06:36:46","modified_gmt":"2025-10-15T05:36:46","slug":"cocncurs-andoflora-2026","status":"publish","type":"page","link":"https:\/\/afvan.com\/index.php\/cocncurs-andoflora-2026\/","title":{"rendered":"Concurs Andoflora 2026"},"content":{"rendered":"\t\t<div data-elementor-type=\"wp-page\" data-elementor-id=\"6065\" class=\"elementor elementor-6065\" data-elementor-post-type=\"page\">\n\t\t\t\t<div class=\"elementor-element elementor-element-6246829 e-flex e-con-boxed wpr-particle-no wpr-jarallax-no wpr-parallax-no wpr-sticky-section-no e-con e-parent\" data-id=\"6246829\" data-element_type=\"container\" data-e-type=\"container\">\n\t\t\t\t\t<div class=\"e-con-inner\">\n\t\t\t\t<div class=\"elementor-element elementor-element-c1e3bf7 elementor-widget elementor-widget-image\" data-id=\"c1e3bf7\" data-element_type=\"widget\" data-e-type=\"widget\" data-widget_type=\"image.default\">\n\t\t\t\t<div class=\"elementor-widget-container\">\n\t\t\t\t\t\t\t\t\t\t\t\t\t\t\t<img fetchpriority=\"high\" decoding=\"async\" width=\"1024\" height=\"512\" src=\"https:\/\/afvan.com\/wp-content\/uploads\/2025\/09\/edificio-de-ladrillo-con-ventana-adornada-con-flores-en-amarillo-naranja-y-verde-1024x512.jpg\" class=\"attachment-large size-large wp-image-6073\" alt=\"andoflora26\" srcset=\"https:\/\/afvan.com\/wp-content\/uploads\/2025\/09\/edificio-de-ladrillo-con-ventana-adornada-con-flores-en-amarillo-naranja-y-verde-1024x512.jpg 1024w, https:\/\/afvan.com\/wp-content\/uploads\/2025\/09\/edificio-de-ladrillo-con-ventana-adornada-con-flores-en-amarillo-naranja-y-verde-300x150.jpg 300w, https:\/\/afvan.com\/wp-content\/uploads\/2025\/09\/edificio-de-ladrillo-con-ventana-adornada-con-flores-en-amarillo-naranja-y-verde-768x384.jpg 768w, https:\/\/afvan.com\/wp-content\/uploads\/2025\/09\/edificio-de-ladrillo-con-ventana-adornada-con-flores-en-amarillo-naranja-y-verde-1536x768.jpg 1536w, https:\/\/afvan.com\/wp-content\/uploads\/2025\/09\/edificio-de-ladrillo-con-ventana-adornada-con-flores-en-amarillo-naranja-y-verde-2048x1024.jpg 2048w\" sizes=\"(max-width: 1024px) 100vw, 1024px\" \/>\t\t\t\t\t\t\t\t\t\t\t\t\t\t\t<\/div>\n\t\t\t\t<\/div>\n\t\t\t\t\t<\/div>\n\t\t\t\t<\/div>\n\t\t<div class=\"elementor-element elementor-element-f3c0189 e-flex e-con-boxed wpr-particle-no wpr-jarallax-no wpr-parallax-no wpr-sticky-section-no e-con e-parent\" data-id=\"f3c0189\" data-element_type=\"container\" data-e-type=\"container\">\n\t\t\t\t\t<div class=\"e-con-inner\">\n\t\t\t\t<div class=\"elementor-element elementor-element-f3ed652 elementor-widget elementor-widget-spacer\" data-id=\"f3ed652\" data-element_type=\"widget\" data-e-type=\"widget\" data-widget_type=\"spacer.default\">\n\t\t\t\t<div class=\"elementor-widget-container\">\n\t\t\t\t\t\t\t<div class=\"elementor-spacer\">\n\t\t\t<div class=\"elementor-spacer-inner\"><\/div>\n\t\t<\/div>\n\t\t\t\t\t\t<\/div>\n\t\t\t\t<\/div>\n\t\t\t\t<div class=\"elementor-element elementor-element-c7c7867 elementor-widget elementor-widget-heading\" data-id=\"c7c7867\" data-element_type=\"widget\" data-e-type=\"widget\" data-widget_type=\"heading.default\">\n\t\t\t\t<div class=\"elementor-widget-container\">\n\t\t\t\t\t<h2 class=\"elementor-heading-title elementor-size-default\">Concurs Fotogr\u00e0fic Andoflora 2026<\/h2>\t\t\t\t<\/div>\n\t\t\t\t<\/div>\n\t\t\t\t\t<\/div>\n\t\t\t\t<\/div>\n\t\t<div class=\"elementor-element elementor-element-36f598f e-flex e-con-boxed wpr-particle-no wpr-jarallax-no wpr-parallax-no wpr-sticky-section-no e-con e-parent\" data-id=\"36f598f\" data-element_type=\"container\" data-e-type=\"container\">\n\t\t\t\t\t<div class=\"e-con-inner\">\n\t\t\t\t<div class=\"elementor-element elementor-element-707e48a elementor-widget elementor-widget-text-editor\" data-id=\"707e48a\" data-element_type=\"widget\" data-e-type=\"widget\" data-widget_type=\"text-editor.default\">\n\t\t\t\t<div class=\"elementor-widget-container\">\n\t\t\t\t\t\t\t\t\t<p style=\"font-weight: 400;\">L\u2019Associaci\u00f3 Fotogr\u00e0fica Valls del Nord (AFVAN), en col\u00b7laboraci\u00f3 amb el\u00a0Com\u00fa de La Massana, convoca el\u00a0Concurs Fotogr\u00e0fic Andoflora 2026.<\/p><p style=\"font-weight: 400;\">L\u2019objectiu \u00e9s recollir imatges de les fa\u00e7anes, racons i decoracions florides de la parr\u00f2quia de La Massana per posar en valor la bellesa del nostre entorn i fomentar la creativitat fotogr\u00e0fica.<\/p><p style=\"font-weight: 400;\">Les fotografies formaran part de la\u00a0<strong>futura exposici\u00f3 d\u2019Andoflora 2026<\/strong>\u00a0i tamb\u00e9 serviran per al\u00a0<strong>concurs popular de fa\u00e7anes i decoraci\u00f3 floral<\/strong>\u00a0organitzat pel Com\u00fa de La Massana.<\/p><p style=\"font-weight: 400;\"><strong>\ud83d\uddd3<\/strong><strong> Dates<\/strong><\/p><ul style=\"font-weight: 400;\"><li><strong>Per\u00edode del concurs fotogr\u00e0fic:<\/strong>\u00a0del\u00a0<strong>23 de setembre al 31 d\u2019octubre de 2025<\/strong>.<\/li><li>El lliurament de premis fotogr\u00e0fics es far\u00e0 el\u00a0<strong>darrer dia del certamen Andoflora 2026<\/strong>.<\/li><\/ul><p style=\"font-weight: 400;\"><strong>\ud83c\udf81<\/strong><strong> Premis<\/strong><\/p><p style=\"font-weight: 400;\"><strong>Categoria Fotogr\u00e0fica (AFVAN):<\/strong><\/p><ul style=\"font-weight: 400;\"><li>1r premi: 300 \u20ac<\/li><li>2n premi: 150 \u20ac<\/li><li>3r premi: 100 \u20ac<\/li><\/ul><p style=\"font-weight: 400;\"><strong>Categoria Fa\u00e7anes i Decoraci\u00f3 Floral (Com\u00fa de La Massana):<\/strong><\/p><ul style=\"font-weight: 400;\"><li>Els premis d\u2019aquesta categoria s\u2019anunciaran i s\u2019exposaran dins del programa oficial d\u2019Andoflora 2026, juntament amb la resta d\u2019activitats i concursos del certamen.<\/li><li>Aclariment: el concurs fotogr\u00e0fic es realitza\u00a0<strong>ara, amb antelaci\u00f3<\/strong>, per aprofitar la floraci\u00f3 existent arran de la preparaci\u00f3 d\u2019Andoflora 2025.<\/li><\/ul><p style=\"font-weight: 400;\"><strong>\ud83d\udccd<\/strong><strong> Jurat<\/strong><\/p><ul style=\"font-weight: 400;\"><li><strong>Categoria Fotogr\u00e0fica:<\/strong>\u00a0Associaci\u00f3 AFVAN.<\/li><li><strong>Categoria Fa\u00e7anes i Decoraci\u00f3 Floral:<\/strong>\u00a0Com\u00fa de La Massana (valoraci\u00f3 popular i institucional).<\/li><\/ul><p style=\"font-weight: 400;\"><strong>\ud83d\udccb<\/strong> <strong>Bases per poder participar<\/strong><\/p><ol style=\"font-weight: 400;\"><li>El concurs \u00e9s obert a\u00a0<strong>socis AFVAN, aficionats i professionals de la fotografia<\/strong>.<\/li><li>La inscripci\u00f3 \u00e9s\u00a0<strong>gratu\u00efta<\/strong>\u00a0i es far\u00e0 a trav\u00e9s de la web oficial:\u00a0<a href=\"http:\/\/www.afvan.com\/\">www.afvan.com<\/a>.<\/li><li>Cada participant podr\u00e0 presentar fins a <strong>6\u00a0fotografies originals<\/strong>.<\/li><li>Les fotografies hauran d\u2019haver estat realitzades dins el per\u00edode establert (23\/09 \u2013 31\/10\/2025) i a la parr\u00f2quia de\u00a0<strong>La Massana<\/strong>.<\/li><li>Es permet tant color com blanc i negre. No s\u2019acceptaran fotomuntatges ni imatges alterades digitalment que modifiquin la realitat representada.<\/li><\/ol><ol start=\"6\"><li>Les fotografies <strong data-start=\"2230\" data-end=\"2299\">no podran portar cap tipus de signatura, logotip ni marca d\u2019aigua<\/strong>.<\/li><li data-start=\"2306\" data-end=\"2410\">Les fotografies s\u2019hauran d\u2019enviar en format digital (JPG) amb les seg\u00fcents caracter\u00edstiques t\u00e8cniques:<ul><li data-start=\"2416\" data-end=\"2465\"><strong data-start=\"2416\" data-end=\"2463\">Mida m\u00e0xim de 3000 p\u00edxels pel costat llarg<\/strong><\/li><li data-start=\"2471\" data-end=\"2504\"><strong data-start=\"2471\" data-end=\"2502\">Resoluci\u00f3 m\u00e0xima de 150 ppp<\/strong><\/li><li data-start=\"2471\" data-end=\"2504\"><strong>tamany m\u00e0xim jpg 7mb<\/strong><\/li><\/ul><\/li><li data-start=\"2508\" data-end=\"2537\"><strong data-start=\"2508\" data-end=\"2535\">Enviament de les obres:<\/strong><ul><li data-start=\"2543\" data-end=\"2683\">Les fotos s\u2019hauran de pujar a trav\u00e9s de la web oficial<a href=\"http:\/\/www.afvan.com\/\" data-start=\"2598\" data-end=\"2635\">afvan.com<\/a>, a la mateixa secci\u00f3 d\u2019inscripci\u00f3 al concurs.<\/li><li data-start=\"2689\" data-end=\"2755\">A l\u2019hora de carregar els arxius, caldr\u00e0 indicar obligat\u00f2riament:<ul><li data-start=\"2763\" data-end=\"2795\"><strong data-start=\"2763\" data-end=\"2793\">Nom i cognoms de l\u2019autor\/a<\/strong><\/li><li data-start=\"2803\" data-end=\"2837\"><strong data-start=\"2803\" data-end=\"2835\">T\u00edtol o nom de la fotografia<\/strong><\/li><li data-start=\"2845\" data-end=\"2893\"><strong data-start=\"2845\" data-end=\"2891\">Ubicaci\u00f3 (fa\u00e7ana, rac\u00f3 o lloc fotografiat)<\/strong><\/li><\/ul><\/li><\/ul><\/li><\/ol><ol start=\"9\"><li data-start=\"2897\" data-end=\"2960\">La data l\u00edmit de lliurament ser\u00e0 el<strong data-start=\"2933\" data-end=\"2957\">31 d\u2019octubre de 2025<\/strong>.<\/li><li data-start=\"2965\" data-end=\"3057\">El jurat valorar\u00e0 la<strong data-start=\"2986\" data-end=\"3039\">creativitat, la qualitat t\u00e8cnica i l\u2019originalitat<\/strong>\u00a0de les imatges.<\/li><\/ol><p style=\"font-weight: 400;\"><strong>\u2696\ufe0f<\/strong><strong> Drets d\u2019autor i d\u2019\u00fas de les imatges<\/strong><\/p><ul style=\"font-weight: 400;\"><li>Els autors mantenen en tot moment els\u00a0<strong>drets morals i d\u2019autor<\/strong>\u00a0sobre les seves obres.<\/li><li>Els participants concedeixen al\u00a0<strong>Com\u00fa de La Massana i a AFVAN<\/strong>\u00a0una\u00a0<strong>llic\u00e8ncia gratu\u00efta, no exclusiva i amb durada indefinida<\/strong>\u00a0per utilitzar les fotografies amb finalitats exclusives de\u00a0<strong>promoci\u00f3 i difusi\u00f3 d\u2019Andoflora<\/strong>(mitjans de comunicaci\u00f3, xarxes socials, p\u00e0gines web institucionals, cartelleria i altres suports vinculats al certamen).<\/li><li>En tota publicaci\u00f3 de les imatges, sempre que sigui possible, constar\u00e0 el\u00a0<strong>nom de l\u2019autor<\/strong>.<\/li><li>Queda prohibida qualsevol explotaci\u00f3 comercial aliena a l\u2019objectiu esmentat sense el consentiment expr\u00e9s del fot\u00f2graf.<\/li><\/ul><p style=\"font-weight: 400;\">\ud83d\udcf8\u00a0<strong>Anima\u2019t a participar-hi!<\/strong><br \/>Una oportunitat per mostrar el teu talent i alhora posar en valor la bellesa floral i decorativa de\u00a0<strong>La Massana<\/strong>\u00a0dins d\u2019Andoflora 2026.<\/p>\t\t\t\t\t\t\t\t<\/div>\n\t\t\t\t<\/div>\n\t\t\t\t<div class=\"elementor-element elementor-element-9079208 elementor-align-center elementor-widget elementor-widget-button\" data-id=\"9079208\" data-element_type=\"widget\" data-e-type=\"widget\" data-widget_type=\"button.default\">\n\t\t\t\t<div class=\"elementor-widget-container\">\n\t\t\t\t\t\t\t\t\t<div class=\"elementor-button-wrapper\">\n\t\t\t\t\t<a class=\"elementor-button elementor-button-link elementor-size-sm\" href=\"https:\/\/afvan.com\/index.php\/inscripcio-concurs-flora2026\/\">\n\t\t\t\t\t\t<span class=\"elementor-button-content-wrapper\">\n\t\t\t\t\t\t\t\t\t<span class=\"elementor-button-text\">Inscripci\u00f3ns i Enviar Fotografies<\/span>\n\t\t\t\t\t<\/span>\n\t\t\t\t\t<\/a>\n\t\t\t\t<\/div>\n\t\t\t\t\t\t\t\t<\/div>\n\t\t\t\t<\/div>\n\t\t\t\t\t<\/div>\n\t\t\t\t<\/div>\n\t\t\t\t<\/div>\n\t\t","protected":false},"excerpt":{"rendered":"<p>Concurs Fotogr\u00e0fic Andoflora 2026 L\u2019Associaci\u00f3 Fotogr\u00e0fica Valls del Nord (AFVAN), en col\u00b7laboraci\u00f3 amb el\u00a0Com\u00fa de La Massana, convoca el\u00a0Concurs Fotogr\u00e0fic Andoflora 2026. L\u2019objectiu \u00e9s recollir imatges de les fa\u00e7anes, racons i decoracions florides de la parr\u00f2quia de La Massana per posar en valor la bellesa del nostre entorn i fomentar la creativitat fotogr\u00e0fica. Les fotografies formaran part de la\u00a0futura exposici\u00f3 d\u2019Andoflora 2026\u00a0i tamb\u00e9 serviran per al\u00a0concurs popular de fa\u00e7anes i decoraci\u00f3 floral\u00a0organitzat pel Com\u00fa de La Massana. \ud83d\uddd3 Dates Per\u00edode del concurs fotogr\u00e0fic:\u00a0del\u00a023 de setembre al 31 d\u2019octubre de 2025. El lliurament de premis fotogr\u00e0fics es far\u00e0 el\u00a0darrer dia del certamen Andoflora 2026. \ud83c\udf81 Premis Categoria Fotogr\u00e0fica (AFVAN): 1r premi: 300 \u20ac 2n premi: 150 \u20ac 3r premi: 100 \u20ac Categoria Fa\u00e7anes i Decoraci\u00f3 Floral (Com\u00fa de La Massana): Els premis d\u2019aquesta categoria s\u2019anunciaran i s\u2019exposaran dins del programa oficial d\u2019Andoflora 2026, juntament amb la resta d\u2019activitats i concursos del certamen. Aclariment: el concurs fotogr\u00e0fic es realitza\u00a0ara, amb antelaci\u00f3, per aprofitar la floraci\u00f3 existent arran de la preparaci\u00f3 d\u2019Andoflora 2025. \ud83d\udccd Jurat Categoria Fotogr\u00e0fica:\u00a0Associaci\u00f3 AFVAN. Categoria Fa\u00e7anes i Decoraci\u00f3 Floral:\u00a0Com\u00fa de La Massana (valoraci\u00f3 popular i institucional). \ud83d\udccb Bases per poder participar El concurs \u00e9s obert a\u00a0socis AFVAN, aficionats i professionals de la fotografia. La inscripci\u00f3 \u00e9s\u00a0gratu\u00efta\u00a0i es far\u00e0 a trav\u00e9s de la web oficial:\u00a0www.afvan.com. Cada participant podr\u00e0 presentar fins a 6\u00a0fotografies originals. Les fotografies hauran d\u2019haver estat realitzades dins el per\u00edode establert (23\/09 \u2013 31\/10\/2025) i a la parr\u00f2quia de\u00a0La Massana. Es permet tant color com blanc i negre. No s\u2019acceptaran fotomuntatges ni imatges alterades digitalment que modifiquin la realitat representada. Les fotografies no podran portar cap tipus de signatura, logotip ni marca d\u2019aigua. Les fotografies s\u2019hauran d\u2019enviar en format digital (JPG) amb les seg\u00fcents caracter\u00edstiques t\u00e8cniques: Mida m\u00e0xim de 3000 p\u00edxels pel costat llarg Resoluci\u00f3 m\u00e0xima de 150 ppp tamany m\u00e0xim jpg 7mb Enviament de les obres: Les fotos s\u2019hauran de pujar a trav\u00e9s de la web oficialafvan.com, a la mateixa secci\u00f3 d\u2019inscripci\u00f3 al concurs. A l\u2019hora de carregar els arxius, caldr\u00e0 indicar obligat\u00f2riament: Nom i cognoms de l\u2019autor\/a T\u00edtol o nom de la fotografia Ubicaci\u00f3 (fa\u00e7ana, rac\u00f3 o lloc fotografiat) La data l\u00edmit de lliurament ser\u00e0 el31 d\u2019octubre de 2025. El jurat valorar\u00e0 lacreativitat, la qualitat t\u00e8cnica i l\u2019originalitat\u00a0de les imatges. \u2696\ufe0f Drets d\u2019autor i d\u2019\u00fas de les imatges Els autors mantenen en tot moment els\u00a0drets morals i d\u2019autor\u00a0sobre les seves obres. Els participants concedeixen al\u00a0Com\u00fa de La Massana i a AFVAN\u00a0una\u00a0llic\u00e8ncia gratu\u00efta, no exclusiva i amb durada indefinida\u00a0per utilitzar les fotografies amb finalitats exclusives de\u00a0promoci\u00f3 i difusi\u00f3 d\u2019Andoflora(mitjans de comunicaci\u00f3, xarxes socials, p\u00e0gines web institucionals, cartelleria i altres suports vinculats al certamen). En tota publicaci\u00f3 de les imatges, sempre que sigui possible, constar\u00e0 el\u00a0nom de l\u2019autor. Queda prohibida qualsevol explotaci\u00f3 comercial aliena a l\u2019objectiu esmentat sense el consentiment expr\u00e9s del fot\u00f2graf. \ud83d\udcf8\u00a0Anima\u2019t a participar-hi!Una oportunitat per mostrar el teu talent i alhora posar en valor la bellesa floral i decorativa de\u00a0La Massana\u00a0dins d\u2019Andoflora 2026. Inscripci\u00f3ns i Enviar Fotografies<\/p>\n","protected":false},"author":1,"featured_media":0,"parent":0,"menu_order":0,"comment_status":"closed","ping_status":"closed","template":"","meta":{"site-sidebar-layout":"no-sidebar","site-content-layout":"page-builder","ast-site-content-layout":"full-width-container","site-content-style":"default","site-sidebar-style":"default","ast-global-header-display":"","ast-banner-title-visibility":"","ast-main-header-display":"","ast-hfb-above-header-display":"","ast-hfb-below-header-display":"","ast-hfb-mobile-header-display":"","site-post-title":"disabled","ast-breadcrumbs-content":"","ast-featured-img":"disabled","footer-sml-layout":"","ast-disable-related-posts":"","theme-transparent-header-meta":"","adv-header-id-meta":"","stick-header-meta":"","header-above-stick-meta":"","header-main-stick-meta":"","header-below-stick-meta":"","astra-migrate-meta-layouts":"set","ast-page-background-enabled":"default","ast-page-background-meta":{"desktop":{"background-color":"var(--ast-global-color-4)","background-image":"","background-repeat":"repeat","background-position":"center center","background-size":"auto","background-attachment":"scroll","background-type":"","background-media":"","overlay-type":"","overlay-color":"","overlay-opacity":"","overlay-gradient":""},"tablet":{"background-color":"","background-image":"","background-repeat":"repeat","background-position":"center center","background-size":"auto","background-attachment":"scroll","background-type":"","background-media":"","overlay-type":"","overlay-color":"","overlay-opacity":"","overlay-gradient":""},"mobile":{"background-color":"","background-image":"","background-repeat":"repeat","background-position":"center center","background-size":"auto","background-attachment":"scroll","background-type":"","background-media":"","overlay-type":"","overlay-color":"","overlay-opacity":"","overlay-gradient":""}},"ast-content-background-meta":{"desktop":{"background-color":"var(--ast-global-color-5)","background-image":"","background-repeat":"repeat","background-position":"center center","background-size":"auto","background-attachment":"scroll","background-type":"","background-media":"","overlay-type":"","overlay-color":"","overlay-opacity":"","overlay-gradient":""},"tablet":{"background-color":"var(--ast-global-color-5)","background-image":"","background-repeat":"repeat","background-position":"center center","background-size":"auto","background-attachment":"scroll","background-type":"","background-media":"","overlay-type":"","overlay-color":"","overlay-opacity":"","overlay-gradient":""},"mobile":{"background-color":"var(--ast-global-color-5)","background-image":"","background-repeat":"repeat","background-position":"center center","background-size":"auto","background-attachment":"scroll","background-type":"","background-media":"","overlay-type":"","overlay-color":"","overlay-opacity":"","overlay-gradient":""}},"footnotes":""},"class_list":["post-6065","page","type-page","status-publish","hentry"],"aioseo_notices":[],"_links":{"self":[{"href":"https:\/\/afvan.com\/index.php\/wp-json\/wp\/v2\/pages\/6065","targetHints":{"allow":["GET"]}}],"collection":[{"href":"https:\/\/afvan.com\/index.php\/wp-json\/wp\/v2\/pages"}],"about":[{"href":"https:\/\/afvan.com\/index.php\/wp-json\/wp\/v2\/types\/page"}],"author":[{"embeddable":true,"href":"https:\/\/afvan.com\/index.php\/wp-json\/wp\/v2\/users\/1"}],"replies":[{"embeddable":true,"href":"https:\/\/afvan.com\/index.php\/wp-json\/wp\/v2\/comments?post=6065"}],"version-history":[{"count":26,"href":"https:\/\/afvan.com\/index.php\/wp-json\/wp\/v2\/pages\/6065\/revisions"}],"predecessor-version":[{"id":6151,"href":"https:\/\/afvan.com\/index.php\/wp-json\/wp\/v2\/pages\/6065\/revisions\/6151"}],"wp:attachment":[{"href":"https:\/\/afvan.com\/index.php\/wp-json\/wp\/v2\/media?parent=6065"}],"curies":[{"name":"wp","href":"https:\/\/api.w.org\/{rel}","templated":true}]}}