{"id":6080,"date":"2025-09-22T13:50:52","date_gmt":"2025-09-22T12:50:52","guid":{"rendered":"https:\/\/afvan.com\/?page_id=6080"},"modified":"2025-11-03T09:01:28","modified_gmt":"2025-11-03T08:01:28","slug":"inscripcio-concurs-flora2026","status":"publish","type":"page","link":"https:\/\/afvan.com\/index.php\/inscripcio-concurs-flora2026\/","title":{"rendered":"inscripci\u00f3 concurs flora2026"},"content":{"rendered":"\t\t<div data-elementor-type=\"wp-page\" data-elementor-id=\"6080\" class=\"elementor elementor-6080\" data-elementor-post-type=\"page\">\n\t\t\t\t<div class=\"elementor-element elementor-element-6246829 e-flex e-con-boxed wpr-particle-no wpr-jarallax-no wpr-parallax-no wpr-sticky-section-no e-con e-parent\" data-id=\"6246829\" data-element_type=\"container\" data-e-type=\"container\">\n\t\t\t\t\t<div class=\"e-con-inner\">\n\t\t\t\t<div class=\"elementor-element elementor-element-c1e3bf7 elementor-widget elementor-widget-image\" data-id=\"c1e3bf7\" data-element_type=\"widget\" data-e-type=\"widget\" data-widget_type=\"image.default\">\n\t\t\t\t<div class=\"elementor-widget-container\">\n\t\t\t\t\t\t\t\t\t\t\t\t\t\t\t<img fetchpriority=\"high\" decoding=\"async\" width=\"1024\" height=\"512\" src=\"https:\/\/afvan.com\/wp-content\/uploads\/2025\/09\/edificio-de-ladrillo-con-ventana-adornada-con-flores-en-amarillo-naranja-y-verde-1024x512.jpg\" class=\"attachment-large size-large wp-image-6073\" alt=\"andoflora26\" srcset=\"https:\/\/afvan.com\/wp-content\/uploads\/2025\/09\/edificio-de-ladrillo-con-ventana-adornada-con-flores-en-amarillo-naranja-y-verde-1024x512.jpg 1024w, https:\/\/afvan.com\/wp-content\/uploads\/2025\/09\/edificio-de-ladrillo-con-ventana-adornada-con-flores-en-amarillo-naranja-y-verde-300x150.jpg 300w, https:\/\/afvan.com\/wp-content\/uploads\/2025\/09\/edificio-de-ladrillo-con-ventana-adornada-con-flores-en-amarillo-naranja-y-verde-768x384.jpg 768w, https:\/\/afvan.com\/wp-content\/uploads\/2025\/09\/edificio-de-ladrillo-con-ventana-adornada-con-flores-en-amarillo-naranja-y-verde-1536x768.jpg 1536w, https:\/\/afvan.com\/wp-content\/uploads\/2025\/09\/edificio-de-ladrillo-con-ventana-adornada-con-flores-en-amarillo-naranja-y-verde-2048x1024.jpg 2048w\" sizes=\"(max-width: 1024px) 100vw, 1024px\" \/>\t\t\t\t\t\t\t\t\t\t\t\t\t\t\t<\/div>\n\t\t\t\t<\/div>\n\t\t\t\t\t<\/div>\n\t\t\t\t<\/div>\n\t\t<div class=\"elementor-element elementor-element-f3c0189 e-flex e-con-boxed wpr-particle-no wpr-jarallax-no wpr-parallax-no wpr-sticky-section-no e-con e-parent\" data-id=\"f3c0189\" data-element_type=\"container\" data-e-type=\"container\">\n\t\t\t\t\t<div class=\"e-con-inner\">\n\t\t\t\t<div class=\"elementor-element elementor-element-f3ed652 elementor-widget elementor-widget-spacer\" data-id=\"f3ed652\" data-element_type=\"widget\" data-e-type=\"widget\" data-widget_type=\"spacer.default\">\n\t\t\t\t<div class=\"elementor-widget-container\">\n\t\t\t\t\t\t\t<div class=\"elementor-spacer\">\n\t\t\t<div class=\"elementor-spacer-inner\"><\/div>\n\t\t<\/div>\n\t\t\t\t\t\t<\/div>\n\t\t\t\t<\/div>\n\t\t\t\t<div class=\"elementor-element elementor-element-c7c7867 elementor-widget elementor-widget-heading\" data-id=\"c7c7867\" data-element_type=\"widget\" data-e-type=\"widget\" data-widget_type=\"heading.default\">\n\t\t\t\t<div class=\"elementor-widget-container\">\n\t\t\t\t\t<h2 class=\"elementor-heading-title elementor-size-default\">Concurs Fotogr\u00e0fic Andoflora 2026<\/h2>\t\t\t\t<\/div>\n\t\t\t\t<\/div>\n\t\t\t\t\t<\/div>\n\t\t\t\t<\/div>\n\t\t<div class=\"elementor-element elementor-element-36f598f e-flex e-con-boxed wpr-particle-no wpr-jarallax-no wpr-parallax-no wpr-sticky-section-no e-con e-parent\" data-id=\"36f598f\" data-element_type=\"container\" data-e-type=\"container\">\n\t\t\t\t\t<div class=\"e-con-inner\">\n\t\t\t\t<div class=\"elementor-element elementor-element-707e48a elementor-widget elementor-widget-text-editor\" data-id=\"707e48a\" data-element_type=\"widget\" data-e-type=\"widget\" data-widget_type=\"text-editor.default\">\n\t\t\t\t<div class=\"elementor-widget-container\">\n\t\t\t\t\t\t\t\t\t<p style=\"font-weight: 400;\">\ud83d\udccb <strong>Bases per poder participar<\/strong><\/p>\n<ol style=\"font-weight: 400;\">\n<li>El concurs \u00e9s obert a&nbsp;<strong>socis AFVAN, aficionats i professionals de la fotografia<\/strong>.<\/li>\n<li>La inscripci\u00f3 \u00e9s&nbsp;<strong>gratu\u00efta<\/strong>&nbsp;i es far\u00e0 a trav\u00e9s de la web oficial:&nbsp;<a href=\"http:\/\/www.afvan.com\/\">www.afvan.com<\/a>.<\/li>\n<li>Cada participant podr\u00e0 presentar fins a <strong>&nbsp;6 fotografies originals<\/strong>.<\/li>\n<li>Les fotografies hauran d\u2019haver estat realitzades dins el per\u00edode establert (23\/09 \u2013 31\/10\/2025) i a la parr\u00f2quia de&nbsp;<strong>La Massana<\/strong>.<\/li>\n<li>Es permet tant color com blanc i negre. No s\u2019acceptaran fotomuntatges ni imatges alterades digitalment que modifiquin la realitat representada.<\/li>\n<\/ol>\n<ol start=\"6\">\n<li>Les fotografies <strong data-start=\"2230\" data-end=\"2299\">no podran portar cap tipus de signatura, logotip ni marca d\u2019aigua<\/strong>.<\/li>\n<li data-start=\"2306\" data-end=\"2410\">Les fotografies s\u2019hauran d\u2019enviar en format digital (JPG) amb les seg\u00fcents caracter\u00edstiques t\u00e8cniques:\n<ul>\n<li data-start=\"2416\" data-end=\"2465\"><strong data-start=\"2416\" data-end=\"2463\">Mida m\u00e0xima de 3000 p\u00edxels pel costat llarg<\/strong><\/li>\n<li data-start=\"2471\" data-end=\"2504\"><strong data-start=\"2471\" data-end=\"2502\">Resoluci\u00f3 m\u00e0xima de 150 ppp<\/strong><\/li>\n<li data-start=\"2471\" data-end=\"2504\"><strong>tamany m\u00e0xim jpg 7mb<\/strong><\/li>\n<\/ul>\n<\/li>\n<li data-start=\"2508\" data-end=\"2537\"><strong data-start=\"2508\" data-end=\"2535\">Enviament de les obres:<\/strong>\n<ul>\n<li data-start=\"2543\" data-end=\"2683\">Les fotos s\u2019hauran de pujar a trav\u00e9s de la web oficial<a href=\"http:\/\/www.afvan.com\/\" data-start=\"2598\" data-end=\"2635\">afvan.com<\/a>, a la mateixa secci\u00f3 d\u2019inscripci\u00f3 al concurs.<\/li>\n<li data-start=\"2689\" data-end=\"2755\">A l\u2019hora de carregar els arxius, caldr\u00e0 indicar obligat\u00f2riament:\n<ul>\n<li data-start=\"2763\" data-end=\"2795\"><strong data-start=\"2763\" data-end=\"2793\">Nom i cognoms de l\u2019autor\/a<\/strong><\/li>\n<li data-start=\"2803\" data-end=\"2837\"><strong data-start=\"2803\" data-end=\"2835\">T\u00edtol o nom de la fotografia<\/strong><\/li>\n<li data-start=\"2845\" data-end=\"2893\"><strong data-start=\"2845\" data-end=\"2891\">Ubicaci\u00f3 (fa\u00e7ana, rac\u00f3 o lloc fotografiat)<\/strong><\/li>\n<\/ul>\n<\/li>\n<\/ul>\n<\/li>\n<\/ol>\n<ol start=\"9\">\n<li data-start=\"2897\" data-end=\"2960\">La data l\u00edmit de lliurament ser\u00e0 el<strong data-start=\"2933\" data-end=\"2957\">31 d\u2019octubre de 2025<\/strong>.<\/li>\n<li data-start=\"2965\" data-end=\"3057\">El jurat valorar\u00e0 la<strong data-start=\"2986\" data-end=\"3039\">creativitat, la qualitat t\u00e8cnica i l\u2019originalitat<\/strong>&nbsp;de les imatges.<\/li>\n<\/ol>\n<p style=\"font-weight: 400;\"><strong>\u2696\ufe0f<\/strong><strong> Drets d\u2019autor i d\u2019\u00fas de les imatges<\/strong><\/p>\n<ul style=\"font-weight: 400;\">\n<li>Els autors mantenen en tot moment els&nbsp;<strong>drets morals i d\u2019autor<\/strong>&nbsp;sobre les seves obres.<\/li>\n<li>Els participants concedeixen al&nbsp;<strong>Com\u00fa de La Massana i a AFVAN<\/strong>&nbsp;una&nbsp;<strong>llic\u00e8ncia gratu\u00efta, no exclusiva i amb durada indefinida<\/strong>&nbsp;per utilitzar les fotografies amb finalitats exclusives de&nbsp;<strong>promoci\u00f3 i difusi\u00f3 d\u2019Andoflora<\/strong>(mitjans de comunicaci\u00f3, xarxes socials, p\u00e0gines web institucionals, cartelleria i altres suports vinculats al certamen).<\/li>\n<li>En tota publicaci\u00f3 de les imatges, sempre que sigui possible, constar\u00e0 el&nbsp;<strong>nom de l\u2019autor<\/strong>.<\/li>\n<li>Queda prohibida qualsevol explotaci\u00f3 comercial aliena a l\u2019objectiu esmentat sense el consentiment expr\u00e9s del fot\u00f2graf6<\/li>\n<\/ul>\n<p style=\"font-weight: 400;\">\n<\/p>\t\t\t\t\t\t\t\t<\/div>\n\t\t\t\t<\/div>\n\t\t\t\t\t<\/div>\n\t\t\t\t<\/div>\n\t\t\t\t<\/div>\n\t\t","protected":false},"excerpt":{"rendered":"<p>Concurs Fotogr\u00e0fic Andoflora 2026 \ud83d\udccb Bases per poder participar El concurs \u00e9s obert a&nbsp;socis AFVAN, aficionats i professionals de la fotografia. La inscripci\u00f3 \u00e9s&nbsp;gratu\u00efta&nbsp;i es far\u00e0 a trav\u00e9s de la web oficial:&nbsp;www.afvan.com. Cada participant podr\u00e0 presentar fins a &nbsp;6 fotografies originals. Les fotografies hauran d\u2019haver estat realitzades dins el per\u00edode establert (23\/09 \u2013 31\/10\/2025) i a la parr\u00f2quia de&nbsp;La Massana. Es permet tant color com blanc i negre. No s\u2019acceptaran fotomuntatges ni imatges alterades digitalment que modifiquin la realitat representada. Les fotografies no podran portar cap tipus de signatura, logotip ni marca d\u2019aigua. Les fotografies s\u2019hauran d\u2019enviar en format digital (JPG) amb les seg\u00fcents caracter\u00edstiques t\u00e8cniques: Mida m\u00e0xima de 3000 p\u00edxels pel costat llarg Resoluci\u00f3 m\u00e0xima de 150 ppp tamany m\u00e0xim jpg 7mb Enviament de les obres: Les fotos s\u2019hauran de pujar a trav\u00e9s de la web oficialafvan.com, a la mateixa secci\u00f3 d\u2019inscripci\u00f3 al concurs. A l\u2019hora de carregar els arxius, caldr\u00e0 indicar obligat\u00f2riament: Nom i cognoms de l\u2019autor\/a T\u00edtol o nom de la fotografia Ubicaci\u00f3 (fa\u00e7ana, rac\u00f3 o lloc fotografiat) La data l\u00edmit de lliurament ser\u00e0 el31 d\u2019octubre de 2025. El jurat valorar\u00e0 lacreativitat, la qualitat t\u00e8cnica i l\u2019originalitat&nbsp;de les imatges. \u2696\ufe0f Drets d\u2019autor i d\u2019\u00fas de les imatges Els autors mantenen en tot moment els&nbsp;drets morals i d\u2019autor&nbsp;sobre les seves obres. Els participants concedeixen al&nbsp;Com\u00fa de La Massana i a AFVAN&nbsp;una&nbsp;llic\u00e8ncia gratu\u00efta, no exclusiva i amb durada indefinida&nbsp;per utilitzar les fotografies amb finalitats exclusives de&nbsp;promoci\u00f3 i difusi\u00f3 d\u2019Andoflora(mitjans de comunicaci\u00f3, xarxes socials, p\u00e0gines web institucionals, cartelleria i altres suports vinculats al certamen). En tota publicaci\u00f3 de les imatges, sempre que sigui possible, constar\u00e0 el&nbsp;nom de l\u2019autor. Queda prohibida qualsevol explotaci\u00f3 comercial aliena a l\u2019objectiu esmentat sense el consentiment expr\u00e9s del fot\u00f2graf6<\/p>\n","protected":false},"author":1,"featured_media":0,"parent":0,"menu_order":0,"comment_status":"closed","ping_status":"closed","template":"","meta":{"site-sidebar-layout":"no-sidebar","site-content-layout":"page-builder","ast-site-content-layout":"full-width-container","site-content-style":"default","site-sidebar-style":"default","ast-global-header-display":"","ast-banner-title-visibility":"","ast-main-header-display":"","ast-hfb-above-header-display":"","ast-hfb-below-header-display":"","ast-hfb-mobile-header-display":"","site-post-title":"disabled","ast-breadcrumbs-content":"","ast-featured-img":"disabled","footer-sml-layout":"","ast-disable-related-posts":"","theme-transparent-header-meta":"","adv-header-id-meta":"","stick-header-meta":"","header-above-stick-meta":"","header-main-stick-meta":"","header-below-stick-meta":"","astra-migrate-meta-layouts":"set","ast-page-background-enabled":"default","ast-page-background-meta":{"desktop":{"background-color":"var(--ast-global-color-4)","background-image":"","background-repeat":"repeat","background-position":"center center","background-size":"auto","background-attachment":"scroll","background-type":"","background-media":"","overlay-type":"","overlay-color":"","overlay-opacity":"","overlay-gradient":""},"tablet":{"background-color":"","background-image":"","background-repeat":"repeat","background-position":"center center","background-size":"auto","background-attachment":"scroll","background-type":"","background-media":"","overlay-type":"","overlay-color":"","overlay-opacity":"","overlay-gradient":""},"mobile":{"background-color":"","background-image":"","background-repeat":"repeat","background-position":"center center","background-size":"auto","background-attachment":"scroll","background-type":"","background-media":"","overlay-type":"","overlay-color":"","overlay-opacity":"","overlay-gradient":""}},"ast-content-background-meta":{"desktop":{"background-color":"var(--ast-global-color-5)","background-image":"","background-repeat":"repeat","background-position":"center center","background-size":"auto","background-attachment":"scroll","background-type":"","background-media":"","overlay-type":"","overlay-color":"","overlay-opacity":"","overlay-gradient":""},"tablet":{"background-color":"var(--ast-global-color-5)","background-image":"","background-repeat":"repeat","background-position":"center center","background-size":"auto","background-attachment":"scroll","background-type":"","background-media":"","overlay-type":"","overlay-color":"","overlay-opacity":"","overlay-gradient":""},"mobile":{"background-color":"var(--ast-global-color-5)","background-image":"","background-repeat":"repeat","background-position":"center center","background-size":"auto","background-attachment":"scroll","background-type":"","background-media":"","overlay-type":"","overlay-color":"","overlay-opacity":"","overlay-gradient":""}},"footnotes":""},"class_list":["post-6080","page","type-page","status-publish","hentry"],"aioseo_notices":[],"_links":{"self":[{"href":"https:\/\/afvan.com\/index.php\/wp-json\/wp\/v2\/pages\/6080","targetHints":{"allow":["GET"]}}],"collection":[{"href":"https:\/\/afvan.com\/index.php\/wp-json\/wp\/v2\/pages"}],"about":[{"href":"https:\/\/afvan.com\/index.php\/wp-json\/wp\/v2\/types\/page"}],"author":[{"embeddable":true,"href":"https:\/\/afvan.com\/index.php\/wp-json\/wp\/v2\/users\/1"}],"replies":[{"embeddable":true,"href":"https:\/\/afvan.com\/index.php\/wp-json\/wp\/v2\/comments?post=6080"}],"version-history":[{"count":28,"href":"https:\/\/afvan.com\/index.php\/wp-json\/wp\/v2\/pages\/6080\/revisions"}],"predecessor-version":[{"id":6158,"href":"https:\/\/afvan.com\/index.php\/wp-json\/wp\/v2\/pages\/6080\/revisions\/6158"}],"wp:attachment":[{"href":"https:\/\/afvan.com\/index.php\/wp-json\/wp\/v2\/media?parent=6080"}],"curies":[{"name":"wp","href":"https:\/\/api.w.org\/{rel}","templated":true}]}}